{"id":1104,"date":"2018-05-13T17:05:19","date_gmt":"2018-05-13T15:05:19","guid":{"rendered":"http:\/\/mi.iut-blagnac.fr\/?page_id=1104"},"modified":"2025-05-12T12:19:21","modified_gmt":"2025-05-12T10:19:21","slug":"les-projets-de-recherche","status":"publish","type":"page","link":"https:\/\/mi.iut-blagnac.fr\/?page_id=1104&lang=fr","title":{"rendered":"Les projets de recherche"},"content":{"rendered":"<p>Plusieurs projets de recherche b\u00e9n\u00e9ficient de la plateforme Maison Intelligente pour des \u00e9tudes, observations et exp\u00e9rimentations (usage, acceptabilit\u00e9, int\u00e9r\u00eat et utilit\u00e9 des technologies&#8230;) selon une approche centr\u00e9e utilisateurs. Quelques exemples d&rsquo;\u00e9tudes men\u00e9s par l&rsquo;\u00e9quipe projet de chercheurs constitu\u00e9e autour de la plateforme MIB sont pr\u00e9sent\u00e9s ici :<\/p>\n<p><strong>Home&rsquo;In MIB <\/strong>\u00ab <em>Couplage Home\u2019In et la Maison Intelligente de Blagnac pour une infrastructure technique commune <\/em>\u00bb<\/p>\n<p>Projet\u00a0<a href=\"https:\/\/www.orange.com\/sites\/orangecom\/files\/documents\/2020-09\/dp_activite_recherche_2017_FINAL_web.pdf\">Orange<\/a>&#8211;<a href=\"http:\/\/mi.iut-blagnac.fr\">MIB<\/a> (2022-2023)<\/p>\n<p><u>Partenaires<\/u> : Orange R&amp;D, MIB (IRIT, LAAS)<\/p>\n<p><u>R\u00e9sum\u00e9<\/u> : \u00e9tudier la faisabilit\u00e9 de coupler la plateforme logicielle Home\u2019In avec la plateforme mat\u00e9rielle\/logicielle MIB et d\u2019en mesurer la pertinence selon des indicateurs d\u00e9finis. Cette \u00e9tude doit permettre de faire communiquer les deux plateformes dans les deux sens \u00e0 l\u2019aide d\u2019agents d&rsquo;interface (en entr\u00e9e et en sortie).<\/p>\n<p><strong>ADAM <\/strong>\u00ab\u00a0<em>Analyse de donn\u00e9es d&rsquo;activit\u00e9s issues de capteurs ambiants au sein de maisons partag\u00e9es <\/em>\u00bb<\/p>\n<p>Projet\u00a0<a href=\"https:\/\/www.agessansfrontieres.fr\/\">ASF<\/a>&#8211;<a href=\"https:\/\/www.chu-toulouse.fr\">CHU<\/a> (2021-2024)<\/p>\n<p><u>Partenaires<\/u> : CHU, ASF, LAAS, IRIT, UTC<\/p>\n<p><u>R\u00e9sum\u00e9<\/u> : Impl\u00e9menter un syst\u00e8me de capteurs ambiants pour l&rsquo;observation des activit\u00e9s de personnes \u00e2g\u00e9es au sein de maisons partag\u00e9es. Analyse des donn\u00e9es et identification des modes de vie pour anticiper les risques.<\/p>\n<p><strong>IDEALI1-DSP<\/strong> \u00ab <em>Identification Assist\u00e9e par la Localisation dans l\u2019habitat Intelligent \u2013 Phase 1 : par Description S\u00e9mantique de la Position<\/em> \u00bb<\/p>\n<p>Projet \u00c9mergence CNRS &amp; DAS Smart City IRIT (2021)<\/p>\n<p><u>Partenaire<\/u> : IRIT<\/p>\n<p><u>R\u00e9sum\u00e9<\/u> : g\u00e9n\u00e9rer une information de localisation d\u2019un objet connect\u00e9 par une simple phrase. Plut\u00f4t que demander \u00e0 l&rsquo;utilisateur de se projeter sur un plan pour retrouver un objet perdu dans son environnement de vie, le syst\u00e8me est capable de produire des expressions de proximit\u00e9s par rapport \u00e0 d&rsquo;autres objets de l&rsquo;environnement, \u00e0 l\u2019oral, sur une synth\u00e8se vocale.<\/p>\n<p><strong>ERGO HIP HOPE <\/strong>\u00ab <em>Etude des besoins technologiques dans un environnement d&rsquo;habitats inclusifs \u00bb<\/em><\/p>\n<p>Projet\u00a0<a href=\"https:\/\/gihp-occitanielr.org\/\">GIHP<\/a> (2021)<\/p>\n<p><u>Partenaires<\/u> : IRIT, LAAS, LISST, GIHP<\/p>\n<p><u>R\u00e9sum\u00e9<\/u> : Mettre en place un protocole d&rsquo;identification et de recueil de besoins en mati\u00e8re d&rsquo;aides technologiques aupr\u00e8s de personnes en situation de handicaps dans le cadre d&rsquo;habitats inclusifs. Observation en situation d&rsquo;usage au sein de la plateforme Maison Intelligente.<\/p>\n<p><strong>MAPACO\u00a0<\/strong>\u00ab <em>Maison Partag\u00e9e Connect\u00e9e\u00a0<\/em>\u00bb<\/p>\n<p>Projet\u00a0<a href=\"https:\/\/www.agessansfrontieres.fr\/\">ASF<\/a> (2019-2020)<\/p>\n<p><u>Partenaires<\/u> : IRIT, LAAS, LERASS, LISST, ASF, G\u00e9rontop\u00f4le CHU-T<\/p>\n<p><u>R\u00e9sum\u00e9<\/u> : Etudier l&rsquo;apport des nouvelles technologies dans les Maisons Partag\u00e9es de ASF pour assurer aux habitants une meilleure s\u00e9curit\u00e9, une communication avec leurs familles et leurs aidants pour un confort en ad\u00e9quation avec leurs \u00e2ges.<\/p>\n<p><strong>Accueil d&rsquo;un doctorant invit\u00e9<\/strong>\u00a0(Fr\u00e9d\u00e9ric Bergeron, 2019) \u00ab <em>Vers un protocole de communication distribu\u00e9 temporel et g\u00e9olocalis\u00e9\u00a0<\/em>\u00bb<\/p>\n<p><u>Collaboration<\/u> : Universit\u00e9 de Sherbrooke (Qu\u00e9bec) &#8211; Laboratoire DOMUS<\/p>\n<p>Le travail men\u00e9 porte sur la conception et la mise en application d&rsquo;un protocole de communication dans lequel les messages sont born\u00e9s \u00e0 la fois dans la distance pouvant \u00eatre parcourue et dans leur dur\u00e9e de vie. Le protocole permet donc d&rsquo;envoyer des messages \u00ab dans la cuisine valide pour 30 secondes \u00bb ou encore \u00ab dans un rayon de 45 m\u00e8tres valide pour 5 heures \u00bb. Le protocole s&rsquo;adresse principalement \u00e0 l&rsquo;Internet des Objets. L&rsquo;hypoth\u00e8se est qu&rsquo;une approche d\u00e9centralis\u00e9e de la communication peut \u00eatre suffisante et possiblement plus efficace dans certaines situations.<\/p>\n<p><strong>IMMUNE\u00a0<\/strong>\u00ab <em>Indicateurs multimodaux pour la validation d&rsquo;une m\u00e9thodologie crois\u00e9e \u00e9valuant l&rsquo;usage d\u00a0\u00bbun dispositif num\u00e9rique\u00a0<\/em>\u00bb<\/p>\n<p>Projet <a href=\"http:\/\/mshs.univ-toulouse.fr\/\">Maison des Sciences de l&rsquo;Homme et de la Soci\u00e9t\u00e9 de Toulouse<\/a> (MSHS-T) (2019-2020)<\/p>\n<p><u>Partenaires<\/u> : CLLE, IRIT, LAAS, BMBI, MICA, Passages, INRIA<\/p>\n<p><u>R\u00e9sum\u00e9<\/u> : Validation d&rsquo;une nouvelle approche m\u00e9thodologique pour l\u2019analyse crois\u00e9e des donn\u00e9es issues de plusieurs outils de mesure, par l\u2019instanciation d&rsquo;indicateurs multimodaux repr\u00e9sentatifs du comportement de la personne \u00e2g\u00e9e et de l\u2019usage d\u2019un dispositif num\u00e9rique.<\/p>\n<p><strong>AIDEA<\/strong> \u00ab <em>Adaptation intelligente de l\u2019Interaction entre un humain et son environnement ambiant<\/em> \u00bb<\/p>\n<p>Projet\u00a0: PEPS S2IH 2018<\/p>\n<p>Partenaires\u00a0: CLLE, IRIT, LAAS<\/p>\n<p>R\u00e9sum\u00e9\u00a0: L\u2019objectif de AIDEA est de proposer un mod\u00e8le d\u2019adaptation mixte d\u2019interaction humain-syst\u00e8me dans un environnement ambiant pour des personnes \u00e2g\u00e9es pouvant pr\u00e9senter des polypathologies (alt\u00e9ration de la vision, de l&rsquo;audition, alt\u00e9ration motrice des membres sup\u00e9rieurs et inf\u00e9rieurs&#8230;).<\/p>\n<p><a href=\"https:\/\/www.cnrs.fr\/mi\/spip.php?article1369\"><strong>MAN <\/strong>\u00ab <em>M\u00e9thode d\u2019\u00e9valuation \u00e0 l\u2019accessibilit\u00e9 au num\u00e9rique <\/em>\u00bb<\/a><\/p>\n<p>Projet mission interdisciplinaire du CNRS \u2013 D\u00e9fi Auton (2017-2019)<\/p>\n<p><u>Partenaires<\/u> : IRIT, CLLE, LAAS, MICA, BMBI, Passages, HandiBio, LIRMM, LIRIS<\/p>\n<p><u>R\u00e9sum\u00e9<\/u> : Structuration d&rsquo;une communaut\u00e9 de recherche autour des approches de conception et d\u2019\u00e9valuation de technologies pour l\u2019accessibilit\u00e9 au num\u00e9rique, partage des travaux afin d\u2019identifier les principaux verrous et mettre en \u0153uvre une m\u00e9thode d\u2019\u00e9valuation crois\u00e9e innovante, exp\u00e9rimentation sur un \u00e9chantillon de volontaires (d\u00e9ficience visuelle et cognitive).<\/p>\n<p><strong>SENUM<\/strong> \u00ab <em>S\u00e9niors et Num\u00e9rique<\/em> \u00bb<\/p>\n<p>Projet AGR2 LA MONDIALE (2015-2018)<\/p>\n<p><u>Partenaires<\/u> : IRIT, LAAS, AG2R La Mondiale, partenaires associ\u00e9s (LERASS, INSERM)<\/p>\n<p><u>R\u00e9sum\u00e9<\/u> : Acceptabilit\u00e9 des NTIC pour les personnes \u00e2g\u00e9es\u00a0; Adaptation de l&rsquo;habitat\u00a0; Passation de 150 personnes \u00e2g\u00e9es b\u00e9n\u00e9ficiaires AG2R pour l\u2019exp\u00e9rimentation<\/p>\n<p><strong>MOSECO <\/strong>\u00ab <em>M\u00e9thodologies d&rsquo;observation de s\u00e9niors : d&rsquo;un environnement contr\u00f4l\u00e9 vers un environnement \u00e9cologique <\/em>\u00bb<\/p>\n<p>Projet <a href=\"http:\/\/mshs.univ-toulouse.fr\/\">Maison des Sciences de l&rsquo;Homme et de la Soci\u00e9t\u00e9 de Toulouse<\/a> (MSHS-T) (2017)<\/p>\n<p><u>Partenaires<\/u> : LERASS, IRIT, CHU-T, LISST, <span class=\"author-a-z72zgz82zz86zz75z52z66zz83z30z70zz74z2uz86z\">en partenariat avec AG2R La Mondiale pour le recrutement des participants<\/span><\/p>\n<p><u>R\u00e9sum\u00e9<\/u> : <span class=\"author-a-z72zgz82zz86zz75z52z66zz83z30z70zz74z2uz86z\">Reconsid\u00e9ration d&rsquo;une m\u00e9thode interdisciplinaire de recueil de donn\u00e9es, via l&rsquo;analyse de la parole de participants, exprim\u00e9e en groupe et \u00e0 leur domicile. Compl\u00e9ments analytiques contextualis\u00e9s \/ repr\u00e9sentations, souhaits, besoins et usages technologiques<\/span>.<\/p>\n<p><strong>CaNET <\/strong>\u00ab <em>Canne connect\u00e9e<\/em> \u00bb<\/p>\n<p>Projets ACOCASP (2011-2018) CNRS-DGRS, CRC IUT Blagnac<\/p>\n<p><u>Partenaires<\/u> : IRIT (\u00e9quipe RMESS, France), laboratoire CRYSTAL (Tunisie), CNRS, DGRS, laboratoire LETI (Sfax), ISIS Castres<\/p>\n<p><u>R\u00e9sum\u00e9<\/u> : Suivi de personnes \u00e2g\u00e9es via leur canne de marche connect\u00e9e ; d\u00e9tection actim\u00e9trie et\u00a0 chute ; Canne Lora<\/p>\n<p><strong>M\u00e9moirered <\/strong>\u00ab <em>Outil multim\u00e9dia d&rsquo;animation<\/em> \u00bb<strong><br \/>\n<\/strong><\/p>\n<p>Projet FN MARPA (2014-2015)<\/p>\n<p><u>Partenaires<\/u> : IRIT, Laboratoire de G\u00e9rontechnologie La Grave, LERASS, MSA Services\/FN MARPA<\/p>\n<p><u>R\u00e9sum\u00e9<\/u> : Optimisation par l\u2019application des sciences humaines (anthropologie, communication, s\u00e9miotique) et des sciences de l\u2019ing\u00e9nieur (interfaces homme-machine) d\u2019un outil multim\u00e9dia d\u2019animation adapt\u00e9 aux animateurs et r\u00e9sidents de MARPA (Maisons\u00a0 d\u2019Accueil\u00a0 et de R\u00e9sidence Pour l\u2019Autonomie) \u00e0 partir d\u2019un outil con\u00e7u par une animateur d\u2019apr\u00e8s son exp\u00e9rience. Validation par preuve statistique du dispositif par un protocole de cross-over en cluster (M\u00e9moirered\u2122+ animateur Vs posters + animateur avec contenu identique) \u00e9tudiant l\u2019\u00e9volution des interactions en s\u00e9ance recueillies avec une grille d\u2019interactions gr\u00e2ce \u00e0 un mod\u00e8le de donn\u00e9es permettant la gestion de donn\u00e9es complexes.<\/p>\n<p><strong>3DomoHelpNet<\/strong> \u00ab <em>Surveillance 3D personnes \u00e2g\u00e9es<\/em> \u00bb<\/p>\n<p>Th\u00e8se : Asma Mohamed (2012-2016)<\/p>\n<p><u>Partenaires<\/u> : laboratoire IRIT \u00e9quipe RMESS (France), laboratoire LETI (Sfax), CRC IUT Blagnac<\/p>\n<p><u>R\u00e9sum\u00e9<\/u> : Suivi de personnes \u00e2g\u00e9es par un r\u00e9seaux de cam\u00e9ras 3D Kinect ; bus IVY ; d\u00e9tection mouvements ; d\u00e9tection chute ; actions sur \u00e9quipement domotiques.<\/p>\n<p><strong>OViPAD<\/strong> \u00ab <em>Observation et analyse multimodale d\u2019une solution Technologie d\u2019Information et de Communication pour le renforcement de la qualit\u00e9 de vie \u00e0 domicile des personnes \u00e2g\u00e9es<\/em> \u00bb<\/p>\n<p>Projet <a href=\"http:\/\/mshs.univ-toulouse.fr\/\">Maison des Sciences de l&rsquo;Homme et de la Soci\u00e9t\u00e9 de Toulouse<\/a> (MSHS-T) (2015-2016)<\/p>\n<p><u>Partenaires<\/u> : IRIT, LAAS, LERASS, Universit\u00e9 de Toulouse<\/p>\n<p><u>R\u00e9sum\u00e9<\/u> : Observation des usages des TIC, identification du profil socio culturel de la personne \u00e2g\u00e9e et propre perception des besoins en autonomie\u00a0; Valeurs de satisfaction et d\u2019acceptabilit\u00e9\u00a0; Activit\u00e9s de production vocale et actionnelles de la personne au domicile\u00a0; R\u00e9seau de capteurs sans fil actim\u00e9triques en situation de d\u00e9ploiement \u00e9ph\u00e9m\u00e8re pour l&rsquo;approche en <em>True Life Lab.<\/em><\/p>\n<p><strong>ECAMI<\/strong> \u00ab <em>Etude de l\u2019ACcessibilit\u00e9 dans une Maison Intelligente<\/em> \u00bb<\/p>\n<p>Projet <a href=\"http:\/\/mshs.univ-toulouse.fr\/\">MSHS-T<\/a> (2013)<\/p>\n<p><u>Partenaires<\/u> : IRIT, LAAS, CLLE, Laboratoire de G\u00e9rontechnologie<\/p>\n<p><u>R\u00e9sum\u00e9<\/u> : D\u00e9veloppement des dispositifs d\u2019interaction Homme-Maison\u00a0; Probl\u00e9matiques d\u2019IHM (tactiles, commandes vocales, synth\u00e8se vocale) aux capteurs et actionneurs\u00a0; Probl\u00e9matiques d&rsquo;acceptabilit\u00e9.<\/p>\n<p><strong>SUIPAD<\/strong> \u00ab <em>SUIvi comportemental de Personnes A Domicile<\/em> \u00bb<\/p>\n<p>Projet CNRS appel \u00ab\u00a0PEPS\u00a0\u00bb INS2I \u2013 INSHS (2011-2012) et MSHS-T<\/p>\n<p><u>Partenaires<\/u> : LAAS, IRIT, CLLE-LTC, G\u00e9rontop\u00f4le CHUT<\/p>\n<p><u>R\u00e9sum\u00e9<\/u> : Mise en place et l\u2019\u00e9valuation d\u2019un syst\u00e8me de mesures actim\u00e9triques d\u00e9ployable \u00e0 domicile\u00a0; suivi du comportement de personnes en perte d\u2019autonomie\u00a0; d\u00e9finition des besoins, la sp\u00e9cification de l\u2019infrastructure mat\u00e9rielle et logicielle pour le recueil de donn\u00e9es issues des capteurs ainsi que l\u2019interaction usager-habitat.<\/p>\n","protected":false},"excerpt":{"rendered":"<p>Plusieurs projets de recherche b\u00e9n\u00e9ficient de la plateforme Maison Intelligente pour des \u00e9tudes, observations et exp\u00e9rimentations (usage, acceptabilit\u00e9, int\u00e9r\u00eat et<\/p>\n<p class=\"readmore\"><a href=\"https:\/\/mi.iut-blagnac.fr\/?page_id=1104&#038;lang=fr\" title=\"Read Les projets de recherche\">Read more &raquo;<\/a><\/p>\n","protected":false},"author":4,"featured_media":0,"parent":0,"menu_order":0,"comment_status":"closed","ping_status":"closed","template":"","meta":{"footnotes":""},"class_list":["post-1104","page","type-page","status-publish","hentry"],"_links":{"self":[{"href":"https:\/\/mi.iut-blagnac.fr\/index.php?rest_route=\/wp\/v2\/pages\/1104","targetHints":{"allow":["GET"]}}],"collection":[{"href":"https:\/\/mi.iut-blagnac.fr\/index.php?rest_route=\/wp\/v2\/pages"}],"about":[{"href":"https:\/\/mi.iut-blagnac.fr\/index.php?rest_route=\/wp\/v2\/types\/page"}],"author":[{"embeddable":true,"href":"https:\/\/mi.iut-blagnac.fr\/index.php?rest_route=\/wp\/v2\/users\/4"}],"replies":[{"embeddable":true,"href":"https:\/\/mi.iut-blagnac.fr\/index.php?rest_route=%2Fwp%2Fv2%2Fcomments&post=1104"}],"version-history":[{"count":24,"href":"https:\/\/mi.iut-blagnac.fr\/index.php?rest_route=\/wp\/v2\/pages\/1104\/revisions"}],"predecessor-version":[{"id":1434,"href":"https:\/\/mi.iut-blagnac.fr\/index.php?rest_route=\/wp\/v2\/pages\/1104\/revisions\/1434"}],"wp:attachment":[{"href":"https:\/\/mi.iut-blagnac.fr\/index.php?rest_route=%2Fwp%2Fv2%2Fmedia&parent=1104"}],"curies":[{"name":"wp","href":"https:\/\/api.w.org\/{rel}","templated":true}]}}