{"id":1105,"date":"2018-05-13T17:05:19","date_gmt":"2018-05-13T15:05:19","guid":{"rendered":"http:\/\/mi.iut-blagnac.fr\/?page_id=1105"},"modified":"2026-01-30T16:17:22","modified_gmt":"2026-01-30T15:17:22","slug":"les-projets-pedagogiques","status":"publish","type":"page","link":"https:\/\/mi.iut-blagnac.fr\/?page_id=1105&lang=fr","title":{"rendered":"Les projets p\u00e9dagogiques"},"content":{"rendered":"<p>Exemples de projets men\u00e9s au sein des d\u00e9partements de formation de l&rsquo;IUT en lien avec la Maison Intelligente :<\/p>\n<p><strong>\u00ab D\u00e9ploiement et test d&rsquo;un kit de localisation UWB en living lab \u00bb<\/strong><\/p>\n<p>Ce projet s&rsquo;est d\u00e9roul\u00e9 dans le cadre d&rsquo;une SA\u00e9 (Situation d&rsquo;Apprentissage et d&rsquo;Evaluation\u00a0\u00bb au d\u00e9partement R&amp;T. L&rsquo;objectif a \u00e9t\u00e9 d&rsquo;installer, de configurer et de tester un syst\u00e8me de localisation bas\u00e9e sur un kit de balises UWB (Ultra Wide Band) impl\u00e9ment\u00e9e \u00e0 la Maison Intelligente. La solutions utilise une mesure par temps de vol. La position d&rsquo;une personne porteuse d&rsquo;un tag UWB autonome est visualis\u00e9e en temps r\u00e9el sur le plan de la Maison. Des statistiques sont \u00e9galement disponibles en temps diff\u00e9r\u00e9 sur ses d\u00e9placements. <a href=\"https:\/\/mib-leaps-sae512.webnode.fr\/\">Lien du projet<\/a><\/p>\n<p><strong>\u00ab\u00a0Etude d&rsquo;un d\u00e9ambulateur multifonctionnel pour l&rsquo;aide aux personnes\u00a0\u00bb<\/strong><\/p>\n<p>Le but du projet a \u00e9t\u00e9 de proposer une solution originale d&rsquo;un d\u00e9ambulateur multifonctionnel (aider au d\u00e9placement d&rsquo;une personne, assurer une fonction de pied support pour une cam\u00e9ra et disposer d&rsquo;un support pour une tablette tactile). Un cahier des charges \u00e9t\u00e9 r\u00e9dig\u00e9 et des choix de composants retenus. Une premi\u00e8re mod\u00e9lisation a \u00e9t\u00e9 r\u00e9alis\u00e9e.<\/p>\n<p><strong>\u00ab\u00a0Etude de la motorisation de stores int\u00e9rieures\u00a0\u00bb<\/strong><\/p>\n<p>Le but du projet a \u00e9t\u00e9 de proposer une solution pour motoriser les stores \u00e0 lamelles int\u00e9rieures des fen\u00eatres de la maison. Une identification des composants n\u00e9cessaires a \u00e9t\u00e9 r\u00e9alis\u00e9e et un premier sch\u00e9ma d&rsquo;implantation propos\u00e9.<\/p>\n<p><strong>\u00ab\u00a0Etude et mise en \u0153uvre de l\u2019assistant domotique connect\u00e9 ECHO AMAZON sur Rasberry PI pour la MIB\u00a0\u00bb<br \/>\n<\/strong><br \/>\nLe but du projet a \u00e9t\u00e9 de mettre en \u0153uvre l\u2019assistant domotique ECHO d\u2019AMAZON sur un Rasberry PI, qui permet de piloter par la voix avec reconnaissance vocale et retour par synth\u00e8se vocale. Il a \u00e9t\u00e9 compar\u00e9 \u00e0 d\u2019autres solutions existantes sur Internet. Sa mise en \u0153uvre applicative dans la Maison intelligente de l\u2019IUT de Blagnac a permis un test r\u00e9el de son utilisation, en l&rsquo;interfa\u00e7ant avec un middleware interne MiCom via des requ\u00eates HTTP.<\/p>\n<p><strong>\u00ab\u00a0R\u00e9alisation d\u2019un syst\u00e8me de surveillance \u00e0 distance de t\u00e9l\u00e9-information EDF pour maison intelligente connect\u00e9e\u00a0\u00bb <\/strong><\/p>\n<p>La T\u00e9l\u00e9-Information est le moyen de r\u00e9cup\u00e9rer, en temps r\u00e9el, diverses informations renvoy\u00e9es par le compteur \u00e9lectronique EDF : les diff\u00e9rents compteurs (Heures creuses, Heures pleines, ou les 6 tarifs d\u2019un abonnement Tempo), l\u2019intensit\u00e9 instantan\u00e9e, la puissance apparente, la puissance souscrite\u2026 Ces informations sont accessibles via une liaison s\u00e9rie et seront ensuite affich\u00e9es via un serveur WEB interne \u00e0 la maison intelligente. Un d\u00e9port radio (via des n\u0153uds radio WiNo) est pr\u00e9vu pour le cas de compteurs ext\u00e9rieurs \u00e0 l\u2019habitation.<\/p>\n<p><strong>\u00a0\u00bb Etude et r\u00e9alisation d&rsquo;une bo\u00eete \u00e0 lettres intelligente\u00a0\u00bb<\/strong><\/p>\n<p>L&rsquo;objectif de ce projet a \u00e9t\u00e9 de proposer et de r\u00e9aliser un prototype de dispositif permettant de d\u00e9tecter si une personne est pass\u00e9e d\u00e9poser un courrier dans une bo\u00eete aux lettres. Une notification est alors envoy\u00e9e sur un smartphone \u00e0 chaque nouvelle lettre d\u00e9pos\u00e9e. La solution est bas\u00e9e sur un montage simple utilisant une solution de push (de type Prowl pour Iphone) et un Ethernet Shield Arduino pour la communication r\u00e9seau.<\/p>\n<p><strong>\u00ab\u00a0R\u00e9alisation d&rsquo;un d\u00e9tecteur de pr\u00e9sence communicant pour la d\u00e9tection de personnes\u00a0\u00bb<\/strong><\/p>\n<p>L&rsquo;objectif de ce projet a \u00e9t\u00e9 de r\u00e9aliser un d\u00e9tecteur de pr\u00e9sence pour la d\u00e9tection de la position assise ou couch\u00e9e d&rsquo;une personne sur un fauteuil ou un lit. Ce d\u00e9tecteur bas\u00e9 sur un capteur de force r\u00e9sistif de type FSR dispose d&rsquo;un moyen de communication sans fil. Un prototype a \u00e9t\u00e9 r\u00e9alis\u00e9 et communique au travers d&rsquo;un n\u0153ud sans fil de type WiNo (fourni). Les \u00e9tudiants ont test\u00e9 dans une premi\u00e8re phase le fonctionnement du d\u00e9tecteur \u00e0 l&rsquo;aide d&rsquo;une plateforme de d\u00e9veloppement de type Arduino. Ce d\u00e9tecteur a \u00e9t\u00e9 directement impl\u00e9ment\u00e9 et test\u00e9 au sein de la Maison Intelligente.<\/p>\n<p><strong>\u00ab\u00a0Application web pour la gestion des configurations de la MI\u00a0\u00bb<\/strong><\/p>\n<p>Dans le contexte de la maison intelligente (MI) de l&rsquo;IUT de Blagnac, une interface web permet de g\u00e9rer des configurations de la MI.<\/p>\n<p>L&rsquo;application :<\/p>\n<p>&#8211; propose \u00e0 l&rsquo;utilisateur plusieurs configurations de la maison intelligente en fonction de diff\u00e9rents \u00e9v\u00e9nements pouvant se produire (exemples : personne handicap\u00e9e habitant la maison, baisse de luminosit\u00e9, journ\u00e9e ensoleill\u00e9e &#8230;).<\/p>\n<p>&#8211; sauvegarde et permet de visualiser des changements de configurations s&rsquo;\u00e9tant d\u00e9roul\u00e9es sur la journ\u00e9e.<\/p>\n<p><strong>\u00ab\u00a0Sc\u00e9narios Maison Intelligente\u00a0\u00bb<\/strong><\/p>\n<p>D\u00e9ploiement d&rsquo;une interface web permettant aux usagers de la maison intelligente de mettre en relation les capteurs et actionneurs de la MIB (communication via un bus MQTT) et de programmer des sc\u00e9narios simples.<\/p>\n<p><strong>\u00ab\u00a0Gestion web des reconfigurations de la Maison Intelligente\u00a0\u00bb<\/strong><\/p>\n<p>D\u00e9veloppement d&rsquo;une application web permettant \u00e0 la Maison intelligente de se reconfigurer automatiquement en fonction d&rsquo;\u00e9v\u00e9nements pouvant se produire.<br \/>\nVid\u00e9o : <a href=\"https:\/\/www.youtube.com\/watch?v=B9-lQ_CdYDc&amp;feature=youtu.be\">https:\/\/www.youtube.com\/watch?v=B9-lQ_CdYDc&amp;feature=youtu.be<\/a><\/p>\n<p><strong>\u00ab\u00a0Industrialisation du Middleware domotique \u00ab\u00a0MiCom\u00a0\u00bb (COMmunication avec une Maison Intelligente) \u00ab\u00a0<\/strong><\/p>\n<p>Am\u00e9lioration d&rsquo;un middleware MiCom permettant de piloter la plupart des \u00e9quipements de type \u00ab\u00a0actionneurs\u00a0\u00bb de la Maison Intelligente par l&rsquo;interm\u00e9diaire d&rsquo;URLs.<\/p>\n<p><strong>\u00ab\u00a0D\u00e9ploiement d\u2019un syst\u00e8me de localisation indoor \u00e0 la Maison Intelligente\u00a0\u00bb<\/strong><\/p>\n<p>D\u00e9ploiement d\u2019un r\u00e9seau de capteurs DecaWiNo pour permettre la localisation d\u2019objets connect\u00e9s en UWB sur la plateforme Maison Intelligente.<\/p>\n","protected":false},"excerpt":{"rendered":"<p>Exemples de projets men\u00e9s au sein des d\u00e9partements de formation de l&rsquo;IUT en lien avec la Maison Intelligente : \u00ab<\/p>\n<p class=\"readmore\"><a href=\"https:\/\/mi.iut-blagnac.fr\/?page_id=1105&#038;lang=fr\" title=\"Read Les projets p\u00e9dagogiques\">Read more &raquo;<\/a><\/p>\n","protected":false},"author":4,"featured_media":0,"parent":0,"menu_order":0,"comment_status":"closed","ping_status":"closed","template":"","meta":{"footnotes":""},"class_list":["post-1105","page","type-page","status-publish","hentry"],"_links":{"self":[{"href":"https:\/\/mi.iut-blagnac.fr\/index.php?rest_route=\/wp\/v2\/pages\/1105","targetHints":{"allow":["GET"]}}],"collection":[{"href":"https:\/\/mi.iut-blagnac.fr\/index.php?rest_route=\/wp\/v2\/pages"}],"about":[{"href":"https:\/\/mi.iut-blagnac.fr\/index.php?rest_route=\/wp\/v2\/types\/page"}],"author":[{"embeddable":true,"href":"https:\/\/mi.iut-blagnac.fr\/index.php?rest_route=\/wp\/v2\/users\/4"}],"replies":[{"embeddable":true,"href":"https:\/\/mi.iut-blagnac.fr\/index.php?rest_route=%2Fwp%2Fv2%2Fcomments&post=1105"}],"version-history":[{"count":11,"href":"https:\/\/mi.iut-blagnac.fr\/index.php?rest_route=\/wp\/v2\/pages\/1105\/revisions"}],"predecessor-version":[{"id":1502,"href":"https:\/\/mi.iut-blagnac.fr\/index.php?rest_route=\/wp\/v2\/pages\/1105\/revisions\/1502"}],"wp:attachment":[{"href":"https:\/\/mi.iut-blagnac.fr\/index.php?rest_route=%2Fwp%2Fv2%2Fmedia&parent=1105"}],"curies":[{"name":"wp","href":"https:\/\/api.w.org\/{rel}","templated":true}]}}