{"id":1189,"date":"2019-06-24T23:52:23","date_gmt":"2019-06-24T21:52:23","guid":{"rendered":"http:\/\/mi.iut-blagnac.fr\/?page_id=1189"},"modified":"2026-01-18T16:44:58","modified_gmt":"2026-01-18T15:44:58","slug":"architecture-reseau","status":"publish","type":"page","link":"https:\/\/mi.iut-blagnac.fr\/?page_id=1189&lang=fr","title":{"rendered":"L&rsquo;Equipe Projets"},"content":{"rendered":"<div class=\"moz-cite-prefix\">\u00a0<\/div>\n<div class=\"moz-cite-prefix\">\n<p style=\"text-align: justify;\">La plateforme Maison Intelligente de Blagnac (MIB) s&rsquo;est enrichie, au cours de ces derni\u00e8res ann\u00e9es, de comp\u00e9tences compl\u00e9mentaires pour r\u00e9pondre avec pertinence \u00e0 la dimension pluridisciplinaire que requi\u00e8rent les recherches et l&rsquo;innovation dans le domaine des technologies et des habitats pour le bien vieillir, la pr\u00e9vention et la palliation de la perte d&rsquo;autonomie des personnes \u00e2g\u00e9es et en situation de handicap.<\/p>\n<\/div>\n<div class=\"moz-cite-prefix\">\n<p style=\"text-align: justify;\">L&rsquo;\u00e9quipe \u00ab\u00a0projets\u00a0\u00bb qui s&rsquo;est constitu\u00e9e au sein de la plateforme de Blagnac d\u00e9veloppe des recherches associant les aspects technologiques et les aspects humains et sociaux. La dimension m\u00e9dicale est aussi pr\u00e9sente par la participation des m\u00e9decins g\u00e9riatres du CHU de Toulouse associ\u00e9s dans les projets.<\/p>\n<p>Les domaines d&rsquo;intervention de chaque partenaire couvrent ainsi l&rsquo;essentiel de la probl\u00e9matique du suivi et de l&rsquo;accompagnement \u00e0 domicile des personnes \u00e2g\u00e9es et ou en situation de handicap vivant seules :<\/p>\n<ul>\n<li>la conception, la mod\u00e9lisation et l&rsquo;\u00e9valuation en interaction homme-machine,<\/li>\n<li>la conception et l&rsquo;\u00e9valuation de r\u00e9seaux de capteurs sans fil adapt\u00e9s dynamiques,<\/li>\n<li>le d\u00e9veloppement d&rsquo;objets connect\u00e9s \u00ab\u00a0embarqu\u00e9s\u00a0\u00bb pour le monitoring et le suivi du comportement (activit\u00e9s physiques, mobilit\u00e9, param\u00e8tres physiologiques&#8230;),<\/li>\n<li>le d\u00e9veloppement de mod\u00e8les par des techniques d&rsquo;apprentissage,<\/li>\n<li>les \u00e9tudes sociales, les analyses multidimensionnelles,<\/li>\n<li>les m\u00e9thodologies qualitatives de recueil et de traitements des donn\u00e9es,<\/li>\n<li>la prise en compte de la dimension relationnelle inter-individus,<\/li>\n<li>l\u2019analyse des repr\u00e9sentations sociales et individuelles,<\/li>\n<li>l\u2019analyse du sens que des personnes donnent \u00e0 leurs actions,<\/li>\n<li>l&rsquo;analyse des risques et les connaissances des pathologies li\u00e9es \u00e0 la fragilit\u00e9 (physique et cognitive) chez les personnes \u00e2g\u00e9es,<\/li>\n<li>Plus r\u00e9cemment, une dimension sociologique et environnementale.<!--more--><\/li>\n<\/ul>\n<\/div>\n<div class=\"moz-cite-prefix\"><span style=\"color: #000000;\">Elle est compos\u00e9e de :<\/span><\/div>\n<div class=\"moz-cite-prefix\">\u00a0<\/div>\n<div class=\"moz-cite-prefix\"><span style=\"color: #000000;\">Eric Campo : Professeur en \u00e9lectronique (Responsable scientifique)<\/span><\/div>\n<div class=\"moz-cite-prefix\"><span style=\"color: #000000;\">Olivier Negro : Ing\u00e9nieur en techniques exp\u00e9rimentales (Responsable technique)<\/span><\/div>\n<div class=\"moz-cite-prefix\"><span style=\"color: #000000;\">Adrien van den Bossche : Professeur en r\u00e9seaux et protocoles (R\u00e9f\u00e9rent infrastructure r\u00e9seaux)<\/span><\/div>\n<div class=\"moz-cite-prefix\">\u00a0<\/div>\n<div class=\"moz-cite-prefix\"><span style=\"color: #000000;\">Damien Brulin : Ma\u00eetre de Conf\u00e9rences en traitement du signal et analyse de donn\u00e9es<\/span><\/div>\n<div class=\"moz-cite-prefix\"><span style=\"color: #000000;\">Nicolas Cazenave : Ma\u00eetre de conf\u00e9rences en psychologie de la sant\u00e9<\/span><\/div>\n<div class=\"moz-cite-prefix\"><span style=\"color: #000000;\">Lo\u00efc Caroux : Ma\u00eetre de conf\u00e9rences en psychologie ergonomique<\/span><\/div>\n<div class=\"moz-cite-prefix\"><span style=\"color: #000000;\">Antonio Serpa : Ing\u00e9nieur en ing\u00e9nierie logicielle<br \/><\/span><\/div>\n<div class=\"moz-cite-prefix\"><span style=\"color: #000000;\">Thierry Val : Professeur en r\u00e9seaux sans fil<\/span><\/div>\n<div class=\"moz-cite-prefix\"><span style=\"color: #000000;\">Fr\u00e9d\u00e9ric Vella\u2020 : Charg\u00e9 de recherche en interaction humain-machine<\/span><\/div>\n<div class=\"moz-cite-prefix\"><span style=\"color: #000000;\">Nadine Vigouroux : Charg\u00e9e de recherche en interaction humain-machine<br \/><\/span><\/div>\n<div>R\u00e9jane Dalc\u00e9 : Ma\u00eetre de Conf\u00e9rences en r\u00e9seaux<\/div>\n<div>Pierre Rumeau : M\u00e9decin g\u00e9riatre, CHU Toulouse, e-sant\u00e9 Occitanie<\/div>\n<div>\u00a0<\/div>\n<div>D&rsquo;autres coll\u00e8gues de la recherche technique, m\u00e9dicale ou des sciences humaines viennent \u00e9galement renforcer l&rsquo;\u00e9quipe sur des projets sp\u00e9cifiques.<\/div>\n<div>\u00a0<\/div>\n<div class=\"moz-cite-prefix\">\n<p style=\"text-align: justify;\"><strong>La Maison Intelligente est actuellement impliqu\u00e9e dans des projets sur les concepts d&rsquo;habitats partag\u00e9s et inclusifs en Occitanie.<\/strong><\/p>\n<\/div>\n<p>La Maison Intelligente est au c\u0153ur de conventions de collaboration et d&rsquo;accueil entre les laboratoires toulousains impliqu\u00e9s et ses partenaires (CHU-T, ASF, GIHP).<\/p>\n\n\n<p><\/p>\n","protected":false},"excerpt":{"rendered":"<p>\u00a0 La plateforme Maison Intelligente de Blagnac (MIB) s&rsquo;est enrichie, au cours de ces derni\u00e8res ann\u00e9es, de comp\u00e9tences compl\u00e9mentaires pour<\/p>\n<p class=\"readmore\"><a href=\"https:\/\/mi.iut-blagnac.fr\/?page_id=1189&#038;lang=fr\" title=\"Read L&rsquo;Equipe Projets\">Read more &raquo;<\/a><\/p>\n","protected":false},"author":4,"featured_media":0,"parent":14,"menu_order":0,"comment_status":"closed","ping_status":"closed","template":"","meta":{"footnotes":""},"class_list":["post-1189","page","type-page","status-publish","hentry"],"_links":{"self":[{"href":"https:\/\/mi.iut-blagnac.fr\/index.php?rest_route=\/wp\/v2\/pages\/1189","targetHints":{"allow":["GET"]}}],"collection":[{"href":"https:\/\/mi.iut-blagnac.fr\/index.php?rest_route=\/wp\/v2\/pages"}],"about":[{"href":"https:\/\/mi.iut-blagnac.fr\/index.php?rest_route=\/wp\/v2\/types\/page"}],"author":[{"embeddable":true,"href":"https:\/\/mi.iut-blagnac.fr\/index.php?rest_route=\/wp\/v2\/users\/4"}],"replies":[{"embeddable":true,"href":"https:\/\/mi.iut-blagnac.fr\/index.php?rest_route=%2Fwp%2Fv2%2Fcomments&post=1189"}],"version-history":[{"count":42,"href":"https:\/\/mi.iut-blagnac.fr\/index.php?rest_route=\/wp\/v2\/pages\/1189\/revisions"}],"predecessor-version":[{"id":1496,"href":"https:\/\/mi.iut-blagnac.fr\/index.php?rest_route=\/wp\/v2\/pages\/1189\/revisions\/1496"}],"up":[{"embeddable":true,"href":"https:\/\/mi.iut-blagnac.fr\/index.php?rest_route=\/wp\/v2\/pages\/14"}],"wp:attachment":[{"href":"https:\/\/mi.iut-blagnac.fr\/index.php?rest_route=%2Fwp%2Fv2%2Fmedia&parent=1189"}],"curies":[{"name":"wp","href":"https:\/\/api.w.org\/{rel}","templated":true}]}}