{"id":14,"date":"2015-12-11T13:51:48","date_gmt":"2015-12-11T12:51:48","guid":{"rendered":"http:\/\/localhost\/mi\/?page_id=14"},"modified":"2018-05-15T19:16:55","modified_gmt":"2018-05-15T17:16:55","slug":"recherche","status":"publish","type":"page","link":"https:\/\/mi.iut-blagnac.fr\/?page_id=14&lang=fr","title":{"rendered":"Recherche"},"content":{"rendered":"<p><strong><u>Un projet original car au croisement de la technologie et des sciences humaines<\/u><\/strong><\/p>\n<p>La th\u00e9matique centrale est <strong>le service \u00e0 la personne et plus particuli\u00e8rement le maintien \u00e0 domicile<\/strong>\u00a0: apporter \u00e0 toute personne d\u00e9pendante, handicap\u00e9e ou non, un service personnalis\u00e9 et fiable qui lui permette de vivre de fa\u00e7on quasi-autonome dans son environnement familier et ce, avec le sentiment constant d\u2019\u00eatre en s\u00e9curit\u00e9 car continuellement assist\u00e9e par une infrastructure adapt\u00e9e, faisant potentiellement appel \u00e0 une assistance humaine. Concevoir un habitat qui offre une s\u00e9curit\u00e9 tant sur le plan psychologique que sur le plan logistique est l\u2019enjeu de ce projet de plate-forme technologique.<\/p>\n<p><strong>La plateforme repose sur le triptyque \u00a0Recherche &#8211; Formation &#8211; Entreprises\u00a0<\/strong><\/p>\n<p><img loading=\"lazy\" decoding=\"async\" class=\"wp-image-760 aligncenter\" src=\"http:\/\/mi.iut-blagnac.fr\/wp-content\/uploads\/2017\/01\/Triptyque-300x192.jpg\" alt=\"\" width=\"396\" height=\"253\" srcset=\"https:\/\/mi.iut-blagnac.fr\/wp-content\/uploads\/2017\/01\/Triptyque-300x192.jpg 300w, https:\/\/mi.iut-blagnac.fr\/wp-content\/uploads\/2017\/01\/Triptyque.jpg 756w\" sizes=\"auto, (max-width: 396px) 100vw, 396px\" \/><\/p>\n<p><strong>L&rsquo;\u00e9quipe<\/strong><\/p>\n<p>L\u2019\u00e9quipe de la Maison Intelligente (MIB) est interdisciplinaire. Elle regroupe une douzaine de chercheurs toulousains relevant des sciences technologiques (Laboratoires LAAS et IRIT), des sciences humaines et sociales (laboratoires LERASS, CLLE, CERTOP) et des sciences m\u00e9dicales (INSERM 1027, G\u00e9rontop\u00f4le CHU).<\/p>\n<p>Des collaborations avec d\u2019autres structures sont \u00e9tablies plus ponctuellement.<\/p>\n<p><strong>La MIB s\u2019est dot\u00e9e d\u2019un comit\u00e9 de pilotage permettant la gestion au quotidien du fonctionnement de la plateforme.<\/strong><\/p>\n<p>&nbsp;<\/p>\n","protected":false},"excerpt":{"rendered":"<p>Un projet original car au croisement de la technologie et des sciences humaines La th\u00e9matique centrale est le service \u00e0<\/p>\n<p class=\"readmore\"><a href=\"https:\/\/mi.iut-blagnac.fr\/?page_id=14&#038;lang=fr\" title=\"Read Recherche\">Read more &raquo;<\/a><\/p>\n","protected":false},"author":4,"featured_media":0,"parent":0,"menu_order":2,"comment_status":"closed","ping_status":"closed","template":"","meta":{"footnotes":""},"class_list":["post-14","page","type-page","status-publish","hentry"],"_links":{"self":[{"href":"https:\/\/mi.iut-blagnac.fr\/index.php?rest_route=\/wp\/v2\/pages\/14","targetHints":{"allow":["GET"]}}],"collection":[{"href":"https:\/\/mi.iut-blagnac.fr\/index.php?rest_route=\/wp\/v2\/pages"}],"about":[{"href":"https:\/\/mi.iut-blagnac.fr\/index.php?rest_route=\/wp\/v2\/types\/page"}],"author":[{"embeddable":true,"href":"https:\/\/mi.iut-blagnac.fr\/index.php?rest_route=\/wp\/v2\/users\/4"}],"replies":[{"embeddable":true,"href":"https:\/\/mi.iut-blagnac.fr\/index.php?rest_route=%2Fwp%2Fv2%2Fcomments&post=14"}],"version-history":[{"count":8,"href":"https:\/\/mi.iut-blagnac.fr\/index.php?rest_route=\/wp\/v2\/pages\/14\/revisions"}],"predecessor-version":[{"id":1120,"href":"https:\/\/mi.iut-blagnac.fr\/index.php?rest_route=\/wp\/v2\/pages\/14\/revisions\/1120"}],"wp:attachment":[{"href":"https:\/\/mi.iut-blagnac.fr\/index.php?rest_route=%2Fwp%2Fv2%2Fmedia&parent=14"}],"curies":[{"name":"wp","href":"https:\/\/api.w.org\/{rel}","templated":true}]}}