{"id":2,"date":"2015-10-15T11:06:16","date_gmt":"2015-10-15T09:06:16","guid":{"rendered":"http:\/\/localhost\/mi\/?page_id=2"},"modified":"2021-02-11T10:39:43","modified_gmt":"2021-02-11T09:39:43","slug":"accueil","status":"publish","type":"page","link":"https:\/\/mi.iut-blagnac.fr\/?page_id=2&lang=fr","title":{"rendered":"Accueil"},"content":{"rendered":"<div id=\"metaslider-id-487\" style=\"max-width: 700px; margin: 0 auto;\" class=\"ml-slider-3-93-0 metaslider metaslider-nivo metaslider-487 ml-slider ms-theme-default\" role=\"region\" aria-roledescription=\"Slideshow\" aria-label=\"Nouveau diaporama\">\n    <div id=\"metaslider_container_487\">\n        <div class='slider-wrapper theme-default'><div class='ribbon'><\/div><div id='metaslider_487' class='nivoSlider'><img loading=\"lazy\" decoding=\"async\" src=\"https:\/\/mi.iut-blagnac.fr\/wp-content\/uploads\/2016\/03\/salon-629x269.png\" height=\"300\" width=\"700\" data-caption=\"Salon\" alt=\"\" class=\"slider-487 slide-492\" \/><img loading=\"lazy\" decoding=\"async\" src=\"https:\/\/mi.iut-blagnac.fr\/wp-content\/uploads\/2016\/03\/salle_de_bain-629x269.png\" height=\"300\" width=\"700\" data-caption=\"Salle de bain\" alt=\"\" class=\"slider-487 slide-491\" \/><img loading=\"lazy\" decoding=\"async\" src=\"https:\/\/mi.iut-blagnac.fr\/wp-content\/uploads\/2016\/03\/chambre-629x269.png\" height=\"300\" width=\"700\" data-caption=\"Chambre\" alt=\"\" class=\"slider-487 slide-488\" \/><img loading=\"lazy\" decoding=\"async\" src=\"https:\/\/mi.iut-blagnac.fr\/wp-content\/uploads\/2016\/03\/cuisine-629x269.png\" height=\"300\" width=\"700\" data-caption=\"Cuisine\" alt=\"\" class=\"slider-487 slide-489\" \/><img loading=\"lazy\" decoding=\"async\" src=\"https:\/\/mi.iut-blagnac.fr\/wp-content\/uploads\/2016\/03\/exterieur-629x269.png\" height=\"300\" width=\"700\" data-caption=\"Ext&eacute;rieur\" alt=\"\" class=\"slider-487 slide-490\" \/><\/div><\/div>\n        \n    <\/div>\n<\/div>\n<h2 class=\"title\">La maison intelligente<\/h2>\n<p>Premier site de France \u00e0 traiter globalement la question du vieillissement et du handicap, la <strong>Maison Intelligente<\/strong> devient r\u00e9alit\u00e9.<\/p>\n<p>Elle r\u00e9pond \u00e0 une probl\u00e9matique tr\u00e8s actuelle\u00a0: celle de l\u2019accompagnement du vieillissement des populations dans notre soci\u00e9t\u00e9 (handicaps, d\u00e9pendances etc.).<\/p>\n<p>La Maison Intelligente de l\u2019IUT de Blagnac \u2013 Universit\u00e9 de Toulouse Jean Jaur\u00e8s se distingue par son approche originale. C\u2019est le fruit d\u2019un partenariat entre porteurs et financeurs du projet, qu\u2019ils soient universitaires, institutionnels ou industriels. Et en tout premier lieu la Mairie de Blagnac, principal soutien financier et partenaire convaincu de l\u2019importance de cette r\u00e9alisation et des applications qui en d\u00e9couleront.<\/p>\n","protected":false},"excerpt":{"rendered":"<p>La maison intelligente Premier site de France \u00e0 traiter globalement la question du vieillissement et du handicap, la Maison Intelligente<\/p>\n<p class=\"readmore\"><a href=\"https:\/\/mi.iut-blagnac.fr\/?page_id=2&#038;lang=fr\" title=\"Read Accueil\">Read more &raquo;<\/a><\/p>\n","protected":false},"author":4,"featured_media":0,"parent":0,"menu_order":0,"comment_status":"closed","ping_status":"closed","template":"","meta":{"footnotes":""},"class_list":["post-2","page","type-page","status-publish","hentry"],"_links":{"self":[{"href":"https:\/\/mi.iut-blagnac.fr\/index.php?rest_route=\/wp\/v2\/pages\/2","targetHints":{"allow":["GET"]}}],"collection":[{"href":"https:\/\/mi.iut-blagnac.fr\/index.php?rest_route=\/wp\/v2\/pages"}],"about":[{"href":"https:\/\/mi.iut-blagnac.fr\/index.php?rest_route=\/wp\/v2\/types\/page"}],"author":[{"embeddable":true,"href":"https:\/\/mi.iut-blagnac.fr\/index.php?rest_route=\/wp\/v2\/users\/4"}],"replies":[{"embeddable":true,"href":"https:\/\/mi.iut-blagnac.fr\/index.php?rest_route=%2Fwp%2Fv2%2Fcomments&post=2"}],"version-history":[{"count":6,"href":"https:\/\/mi.iut-blagnac.fr\/index.php?rest_route=\/wp\/v2\/pages\/2\/revisions"}],"predecessor-version":[{"id":1291,"href":"https:\/\/mi.iut-blagnac.fr\/index.php?rest_route=\/wp\/v2\/pages\/2\/revisions\/1291"}],"wp:attachment":[{"href":"https:\/\/mi.iut-blagnac.fr\/index.php?rest_route=%2Fwp%2Fv2%2Fmedia&parent=2"}],"curies":[{"name":"wp","href":"https:\/\/api.w.org\/{rel}","templated":true}]}}