{"id":20,"date":"2015-12-11T13:58:19","date_gmt":"2015-12-11T12:58:19","guid":{"rendered":"http:\/\/localhost\/mi\/?page_id=20"},"modified":"2025-05-12T12:33:23","modified_gmt":"2025-05-12T10:33:23","slug":"formation","status":"publish","type":"page","link":"https:\/\/mi.iut-blagnac.fr\/?page_id=20&lang=fr","title":{"rendered":"Formation"},"content":{"rendered":"<p>Rattach\u00e9 \u00e0 l\u2019Universit\u00e9 Toulouse Jean Jaur\u00e8s, l\u2019Institut Universitaire de Technologie (IUT) de Blagnac, cr\u00e9\u00e9 en 1974 sur le campus du Mirail puis d\u00e9localis\u00e9 depuis 1994 sur le campus de Blagnac, a pour ambitions\u00a0:<\/p>\n<p>&#8211; d\u2019allier les enseignements fondamentaux et les disciplines technologiques,<br \/>\n&#8211; d\u2019associer les enseignants-chercheurs, les enseignants du second degr\u00e9 et les industriels,<br \/>\n&#8211; d\u2019offrir aux \u00e9tudiants un encadrement rapproch\u00e9 et la mise en application des enseignements dans les organisations professionnelles.<\/p>\n<p>L\u2019Institut est dirig\u00e9 par Carine LIVOTI depuis novembre 2024.<\/p>\n<p>Il d\u00e9livre des dipl\u00f4mes (DUT et Licences) dans les disciplines de l\u2019Informatique, l\u2019Ing\u00e9nierie et Maintenance, les R\u00e9seaux et T\u00e9l\u00e9coms et les Services \u00e0 la personne.<\/p>\n<p>Ces formations sont \u00e9troitement imbriqu\u00e9es dans le tissu industriel local et notamment les p\u00f4les de comp\u00e9titivit\u00e9 A\u00e9ronautique Espace et Syst\u00e8mes Embarqu\u00e9s, CancerBio-Sant\u00e9 et le G\u00e9rontop\u00f4le du CHU Toulouse ainsi que les PME pr\u00e9sentes sur le territoire blagnacais.<\/p>\n<p><img loading=\"lazy\" decoding=\"async\" class=\" wp-image-1155 aligncenter\" src=\"http:\/\/mi.iut-blagnac.fr\/wp-content\/uploads\/2019\/01\/IUT-Blagnac.jpg\" alt=\"\" width=\"287\" height=\"230\" \/><\/p>\n","protected":false},"excerpt":{"rendered":"<p>Rattach\u00e9 \u00e0 l\u2019Universit\u00e9 Toulouse Jean Jaur\u00e8s, l\u2019Institut Universitaire de Technologie (IUT) de Blagnac, cr\u00e9\u00e9 en 1974 sur le campus du<\/p>\n<p class=\"readmore\"><a href=\"https:\/\/mi.iut-blagnac.fr\/?page_id=20&#038;lang=fr\" title=\"Read Formation\">Read more &raquo;<\/a><\/p>\n","protected":false},"author":4,"featured_media":0,"parent":0,"menu_order":0,"comment_status":"closed","ping_status":"closed","template":"","meta":{"footnotes":""},"class_list":["post-20","page","type-page","status-publish","hentry"],"_links":{"self":[{"href":"https:\/\/mi.iut-blagnac.fr\/index.php?rest_route=\/wp\/v2\/pages\/20","targetHints":{"allow":["GET"]}}],"collection":[{"href":"https:\/\/mi.iut-blagnac.fr\/index.php?rest_route=\/wp\/v2\/pages"}],"about":[{"href":"https:\/\/mi.iut-blagnac.fr\/index.php?rest_route=\/wp\/v2\/types\/page"}],"author":[{"embeddable":true,"href":"https:\/\/mi.iut-blagnac.fr\/index.php?rest_route=\/wp\/v2\/users\/4"}],"replies":[{"embeddable":true,"href":"https:\/\/mi.iut-blagnac.fr\/index.php?rest_route=%2Fwp%2Fv2%2Fcomments&post=20"}],"version-history":[{"count":4,"href":"https:\/\/mi.iut-blagnac.fr\/index.php?rest_route=\/wp\/v2\/pages\/20\/revisions"}],"predecessor-version":[{"id":1436,"href":"https:\/\/mi.iut-blagnac.fr\/index.php?rest_route=\/wp\/v2\/pages\/20\/revisions\/1436"}],"wp:attachment":[{"href":"https:\/\/mi.iut-blagnac.fr\/index.php?rest_route=%2Fwp%2Fv2%2Fmedia&parent=20"}],"curies":[{"name":"wp","href":"https:\/\/api.w.org\/{rel}","templated":true}]}}