{"id":445,"date":"2015-12-11T13:59:01","date_gmt":"2015-12-11T12:59:01","guid":{"rendered":"http:\/\/localhost\/mi\/?page_id=24"},"modified":"2025-05-12T12:24:25","modified_gmt":"2025-05-12T10:24:25","slug":"evenementspresse","status":"publish","type":"page","link":"https:\/\/mi.iut-blagnac.fr\/?page_id=445&lang=fr","title":{"rendered":"La Presse en parle"},"content":{"rendered":"\n<div class=\"wp-block-columns is-layout-flex wp-container-core-columns-is-layout-1 wp-block-columns-is-layout-flex\">\n<div class=\"wp-block-column is-layout-flow wp-block-column-is-layout-flow\" style=\"flex-basis:100%\">\n<div class=\"wp-block-group\"><div class=\"wp-block-group__inner-container is-layout-flow wp-block-group-is-layout-flow\">\n<h2><strong>Presse \u00e9crite :<\/strong><\/h2>\n<ul>\n<li><a href=\"https:\/\/www.ladepeche.fr\/2021\/12\/16\/une-nouvelle-maison-intelligente-a-liut-9995502.php\">Article La D\u00e9p\u00eache, 16\/12\/21, Blagnac. Une nouvelle maison intelligente \u00e0 l&rsquo;IUT <\/a><\/li>\n<li><a href=\"https:\/\/www.ladepeche.fr\/2021\/03\/12\/liut-planche-sur-la-maison-intelligente-9422462.php\">Article La D\u00e9p\u00eache, 12\/03\/2021, L&rsquo;IUT de Blagnac planche sur sa maison intelligente<br \/><\/a><a href=\"https:\/\/dis-leur.fr\/handicap-dossier-unique-manque-de-places-le-combat-de-jade-21-ans\/\">Article Dis-leur !, Soci\u00e9t\u00e9, 16\/08\/2019, Handicap : Dossier unique, manque de places, le combat de Jade, 21 ans, \u00ab\u00a0La maison intelligente s&rsquo;adapte \u00e0 son occupant\u00a0\u00bb<\/a><\/li>\n<li><a href=\"https:\/\/france3-regions.francetvinfo.fr\/occitanie\/haute-garonne\/toulouse\/blagnac-maison-intelligente-personnes-mobilite-reduite-1648890.html\">\u00c0 Blagnac, une maison intelligente pour les personnes \u00e0 mobilit\u00e9 r\u00e9duite, Reportage France 3, Publi\u00e9 le 02\/04\/2019<\/a><\/li>\n<li><a href=\"https:\/\/www.entreprises-occitanie.com\/un-appartement-ultra-connecte-au-salon-du-logement-neuf\">Article entreprises, magazine \u00e9conomique occitanie, 30 janvier 2019, Un appartement ultra connect\u00e9 au salon du logement<\/a><\/li>\n<li><a href=\"http:\/\/salondulogementneuftoulouse.com\/wpress\/wp-content\/uploads\/2019\/01\/GUIDE-SLN-FEVRIER-2019-LIGHT-web.pdf\">Article Le Guide officiel du visiteur, Immobilier neuf, 02\/2019, La maison du futur s\u2019adapte et simplifie la vie quotidienne<\/a><\/li>\n<li><a href=\"https:\/\/www.ladepeche.fr\/article\/2018\/06\/11\/2815370-une-reference-mondiale-a-l-iut.html\">Article La D\u00e9p\u00eache, 11\/06\/2018, Une r\u00e9f\u00e9rence mondiale \u00e0 l&rsquo;IUT<\/a><\/li>\n<li><a href=\"http:\/\/www.ladepeche.fr\/article\/2016\/12\/07\/2473511-l-iut-s-implique-dans-la-e-sante.html\" target=\"_blank\" rel=\"noopener\">Article La D\u00e9p\u00eache, 07\/12\/2016, L&rsquo;IUT s&rsquo;implique dans la e-sant\u00e9<\/a><\/li>\n<li><a href=\"http:\/\/www.lemoniteur.fr\/article\/au-nord-ouest-de-toulouse-vinci-immobilier-construit-un-ilot-autonomie-33406768\" target=\"_blank\" rel=\"noopener\">Article le Moniteur, Au nord-ouest de Toulouse, Vinci Immobilier construit un \u00ab\u00eelot autonomie\u00bb, 11\/10\/16<\/a><\/li>\n<li><a href=\"http:\/\/www.ladepeche.fr\/article\/2016\/10\/12\/2437537-premiere-pierre-de-la-residence-autonomie.html\" target=\"_blank\" rel=\"noopener\">Article La d\u00e9p\u00eache du Midi, 12\/10\/2016, Premi\u00e8re pierre de la r\u00e9sidence autonomie<\/a><\/li>\n<li><a href=\"https:\/\/toulouse.latribune.fr\/innovation\/recherche-et-developpement\/2016-02-10\/plongee-au-coeur-de-la-maison-intelligente-de-blagnac.html\" target=\"_blank\" rel=\"noopener\">Article La Tribune, 10\/02\/2016, Plong\u00e9e au c\u0153ur de la maison intelligente de Blagnac<\/a><\/li>\n<li><a href=\"http:\/\/mapping-consulting.com\/wp-content\/uploads\/2016\/07\/Alain-Costes-le-chercheur-connecteur-Forum-Blagnac.fr-juin-2016.pdf\" target=\"_blank\" rel=\"noopener\">Article forum 155, juin 2016, Alain Costes le chercheur-connecteur<\/a><\/li>\n<li>Article Exploreur n\u00b04, juin 2016, le nouveau visage des seniors, p16<\/li>\n<li><a href=\"http:\/\/www.entreprise-midipyrenees.com\/actualite-batiment-la-maison-intelligente-de-blagnac,-se-prefigurent-le-logement-et-les-dispositifs-ideaux-pour-le-maintien-a-domicile-et-la-e-sante_1744.htm\" target=\"_blank\" rel=\"noopener\">Article Entreprises Midi Pyr\u00e9n\u00e9es, n\u00b0334, f\u00e9vrier 2016, la Maison intelligente \/ des logements \u00e9volutifs<\/a><\/li>\n<li><a href=\"http:\/\/www.entreprises-occitanie.com\/batiment-la-maison-intelligente-de-blagnac-se-prefigurent-le-logement-et-les-dispositifs-ideaux-pour\">Article Entreprises Occitanie,\u00a0la Maison Intelligente de Blagnac, se pr\u00e9figurent le logement et les dispositifs id\u00e9aux pour le maintien \u00e0 domicile et la e-sant\u00e9<\/a><\/li>\n<li><a href=\"http:\/\/www.lesechos.fr\/thema\/vieillissement\/0204080516042-la-domotique-sort-de-sa-niche-1087664.php\" target=\"_blank\" rel=\"noopener\">Article les \u00e9chos, la domotique sort de sa niche, 24 janvier 2016<\/a><\/li>\n<li><a href=\"http:\/\/www.ladepeche.fr\/article\/2015\/12\/02\/2229150-l-ilot-autonomie-bientot-en-travaux.html\" target=\"_blank\" rel=\"noopener\">Article la D\u00e9p\u00eache, L&rsquo;\u00eelot autonomie bient\u00f4t en travaux, 02\/12\/2015<\/a><\/li>\n<li>Le moniteur, 27 mars 2015,<strong>\u00a0<\/strong>Architecture &amp; technique, n\u00b05809<\/li>\n<li><a href=\"http:\/\/www.latribune.fr\/actualites\/economie\/france\/20150302trib751e18e58\/la-ville-rose-prend-soin-de-ses-cheveux-blancs.html\" target=\"_blank\" rel=\"noopener\">La Tribune n\u00b0120, La ville rose prend soin de ses cheveux blancs, 02 mars 2015<\/a><\/li>\n<li><a href=\"http:\/\/actu.cotetoulouse.fr\/toulouse-solidarite-seniors-innovation-union_19647\/\" target=\"_blank\" rel=\"noopener\">Article Actu c\u00f4t\u00e9 Toulouse, 28\/09\/15, Comment\u00a0Toulouse prend soin de ses s\u00e9niors<\/a><\/li>\n<li><a href=\"http:\/\/mi.iut-blagnac.fr\/wp-content\/files\/Forum_Blagnac_septembre_2014.pdf\">Article Forum de Blagnac \u2013 Septembre 2014 : Silver \u00e9conomie : Domo Center anticipe les \u00e9volutions.<\/a><\/li>\n<li><a href=\"http:\/\/www.objectifnews.com\/Immobilier\/domo-center-domotique-vieillissement-handicap-andromede-silver-economie-18032014\">Article du Objectif News du 17\/02\/2104 : \u00c0 l\u2019heure de la silver \u00e9conomie, Domo Center se sp\u00e9cialise dans les logements adapt\u00e9s au vieillissement.<\/a><\/li>\n<li><a href=\"http:\/\/mi.iut-blagnac.fr\/wp-content\/files\/LaDepeche_14-02-15-2.pdf\">Article du 14\/02\/2014 \u2013 La D\u00e9p\u00eache : Projet innovant de maintien \u00e0 domicile pour 2016 \u2013 d\u00e9marche \u00ab\u00a0Silver economie\u00a0\u00bb<\/a><\/li>\n<li><a href=\"http:\/\/www.ladepeche.fr\/article\/2014\/01\/23\/1801240-blagnac-projet-innovant-de-maintien-a-domicile.html\" target=\"_blank\" rel=\"noopener\">Quartier Androm\u00e8de (Blagnac) :\u00a0Projet innovant de maintien \u00e0 domicile (01\/2014)<\/a><\/li>\n<li>Article TSA n\u00b045, septembre 2013, une maison pour tester les technologies<\/li>\n<li>Forum 114, juin 2013, p11, La Maison Intelligente ob\u00e9it au doigt et \u00e0 l\u2019oeil<\/li>\n<li><a href=\"http:\/\/mi.iut-blagnac.fr\/?page_id=239\">De nouvelles cl\u00e9s pour le maintien \u00e0 domicile<\/a><\/li>\n<li><a href=\"http:\/\/oten.fr\/?La-Maison-intelligente-de-Blagnac\" target=\"_blank\" rel=\"noopener\">La Maison intelligente de Blagnac, OTEN, 7 Novembre 2011<\/a><\/li>\n<li><a href=\"http:\/\/www.votre-alarme-maison.com\/interview-maison-intelligente\/\">Interview de Xavier Daran sur http:\/\/www.votre-alarme-maison.com\/ (12\/2013)<\/a><\/li>\n<li><a href=\"http:\/\/www.mag-maison-intelligente.fr\/maison-intelligente-a-blagnac\/\" target=\"_blank\" rel=\"noopener\">Journal L\u2019hospitalier, novembre 2012, HG une maison intelligente consacr\u00e9e au Handicap<\/a><\/li>\n<li><a href=\"http:\/\/www.ladepeche.fr\/article\/2010\/11\/04\/941430-blagnac-une-maison-intelligente-au-service-du-grand-age.html\">La D\u00e9p\u00eache du\u00a0grand sud\u00a0(11\/2010)<\/a><\/li>\n<li><a href=\"http:\/\/La D\u00e9p\u00eache du Midi \u2013 30 octobre 2010 La Maison Intelligente\" target=\"_blank\" rel=\"noopener\">La D\u00e9p\u00eache du Midi \u2013 30 octobre 2010 La Maison Intelligente<\/a><\/li>\n<li><a href=\"http:\/\/www.20minutes.fr\/toulouse\/379450-20100126-blagnac-fait-decoller-projets\" target=\"_blank\" rel=\"noopener\">Article 20 minutes, 26 janvier 2010, Blagnac fait d\u00e9coller ses projets<\/a><\/li>\n<\/ul>\n<h2><strong>Vid\u00e9os :<\/strong><\/h2>\n<p>\u00a0 \u00a0 \u00a0 \u00a0 \u00a0\u00a0<iframe loading=\"lazy\" src=\"\/\/www.dailymotion.com\/embed\/video\/xi8hdr\" width=\"360\" height=\"200\" frameborder=\"0\" allowfullscreen=\"allowfullscreen\"><\/iframe><\/p>\n<p><iframe loading=\"lazy\" src=\"https:\/\/www.youtube.com\/embed\/B9-lQ_CdYDc\" width=\"284\" height=\"284\" frameborder=\"0\" allowfullscreen=\"allowfullscreen\"><\/iframe>\u00a0 \u00a0 \u00a0 \u00a0 <iframe loading=\"lazy\" src=\"https:\/\/player.vimeo.com\/video\/76135688\" width=\"426\" height=\"240\" frameborder=\"0\" allowfullscreen=\"allowfullscreen\"><\/iframe><\/p>\n<p><iframe loading=\"lazy\" src=\"https:\/\/www.youtube.com\/embed\/RsEgEO5OFM4\" width=\"320\" height=\"180\" frameborder=\"0\" allowfullscreen=\"allowfullscreen\"><\/iframe>\u00a0 \u00a0 <iframe loading=\"lazy\" src=\"https:\/\/www.youtube.com\/embed\/FC9Yr74-R3w\" width=\"406\" height=\"220,5\" frameborder=\"0\" allowfullscreen=\"allowfullscreen\"><\/iframe><\/p>\n<p><iframe loading=\"lazy\" src=\"https:\/\/www.youtube.com\/embed\/FS47_ov9KOc\" width=\"406\" height=\"220,5\" frameborder=\"0\" allowfullscreen=\"allowfullscreen\"><\/iframe><\/p>\n<\/div><\/div>\n<\/div>\n<\/div>\n","protected":false},"excerpt":{"rendered":"<p>Presse \u00e9crite : Article La D\u00e9p\u00eache, 16\/12\/21, Blagnac. Une nouvelle maison intelligente \u00e0 l&rsquo;IUT Article La D\u00e9p\u00eache, 12\/03\/2021, L&rsquo;IUT de<\/p>\n<p class=\"readmore\"><a href=\"https:\/\/mi.iut-blagnac.fr\/?page_id=445&#038;lang=fr\" title=\"Read La Presse en parle\">Read more &raquo;<\/a><\/p>\n","protected":false},"author":4,"featured_media":0,"parent":0,"menu_order":0,"comment_status":"closed","ping_status":"closed","template":"","meta":{"footnotes":""},"class_list":["post-445","page","type-page","status-publish","hentry"],"_links":{"self":[{"href":"https:\/\/mi.iut-blagnac.fr\/index.php?rest_route=\/wp\/v2\/pages\/445","targetHints":{"allow":["GET"]}}],"collection":[{"href":"https:\/\/mi.iut-blagnac.fr\/index.php?rest_route=\/wp\/v2\/pages"}],"about":[{"href":"https:\/\/mi.iut-blagnac.fr\/index.php?rest_route=\/wp\/v2\/types\/page"}],"author":[{"embeddable":true,"href":"https:\/\/mi.iut-blagnac.fr\/index.php?rest_route=\/wp\/v2\/users\/4"}],"replies":[{"embeddable":true,"href":"https:\/\/mi.iut-blagnac.fr\/index.php?rest_route=%2Fwp%2Fv2%2Fcomments&post=445"}],"version-history":[{"count":58,"href":"https:\/\/mi.iut-blagnac.fr\/index.php?rest_route=\/wp\/v2\/pages\/445\/revisions"}],"predecessor-version":[{"id":1435,"href":"https:\/\/mi.iut-blagnac.fr\/index.php?rest_route=\/wp\/v2\/pages\/445\/revisions\/1435"}],"wp:attachment":[{"href":"https:\/\/mi.iut-blagnac.fr\/index.php?rest_route=%2Fwp%2Fv2%2Fmedia&parent=445"}],"curies":[{"name":"wp","href":"https:\/\/api.w.org\/{rel}","templated":true}]}}