{"id":449,"date":"2016-03-07T10:09:12","date_gmt":"2016-03-07T09:09:12","guid":{"rendered":"http:\/\/localhost\/mi\/?page_id=103"},"modified":"2019-10-18T17:16:58","modified_gmt":"2019-10-18T15:16:58","slug":"formation-prof-aide-a-la-pers","status":"publish","type":"page","link":"https:\/\/mi.iut-blagnac.fr\/?page_id=449&lang=fr","title":{"rendered":"Formation Professionnelle"},"content":{"rendered":"<p><strong><u>Nouvelles technologies au service de la personne<\/u><\/strong><\/p>\n<p>La Maison Intelligente de Blagnac propose des formations dans le domaine des objets connect\u00e9s et de l&rsquo;Internet des objets :<\/p>\n<ul>\n<li>\u00e0 destination des professionnels des services \u00e0 la personne selon un besoin sp\u00e9cifi\u00e9,<\/li>\n<li>\u00e0 destination des \u00e9tudiants de Masters (Master Cr\u00e9ation Num\u00e9rique-UT2J, TMM-UT3&#8230;),<\/li>\n<li>dans le cadre d&rsquo;une participation au <a href=\"https:\/\/eformation.univ-tlse3.fr\/oc\/\">MOOC objets connect\u00e9s<\/a> port\u00e9 par l&rsquo;IUT Paul Sabatier en partenariat avec l&rsquo;IUT de Blagnac.<\/li>\n<\/ul>\n","protected":false},"excerpt":{"rendered":"<p>Nouvelles technologies au service de la personne La Maison Intelligente de Blagnac propose des formations dans le domaine des objets<\/p>\n<p class=\"readmore\"><a href=\"https:\/\/mi.iut-blagnac.fr\/?page_id=449&#038;lang=fr\" title=\"Read Formation Professionnelle\">Read more &raquo;<\/a><\/p>\n","protected":false},"author":4,"featured_media":0,"parent":20,"menu_order":0,"comment_status":"closed","ping_status":"closed","template":"","meta":{"footnotes":""},"class_list":["post-449","page","type-page","status-publish","hentry"],"_links":{"self":[{"href":"https:\/\/mi.iut-blagnac.fr\/index.php?rest_route=\/wp\/v2\/pages\/449","targetHints":{"allow":["GET"]}}],"collection":[{"href":"https:\/\/mi.iut-blagnac.fr\/index.php?rest_route=\/wp\/v2\/pages"}],"about":[{"href":"https:\/\/mi.iut-blagnac.fr\/index.php?rest_route=\/wp\/v2\/types\/page"}],"author":[{"embeddable":true,"href":"https:\/\/mi.iut-blagnac.fr\/index.php?rest_route=\/wp\/v2\/users\/4"}],"replies":[{"embeddable":true,"href":"https:\/\/mi.iut-blagnac.fr\/index.php?rest_route=%2Fwp%2Fv2%2Fcomments&post=449"}],"version-history":[{"count":10,"href":"https:\/\/mi.iut-blagnac.fr\/index.php?rest_route=\/wp\/v2\/pages\/449\/revisions"}],"predecessor-version":[{"id":1249,"href":"https:\/\/mi.iut-blagnac.fr\/index.php?rest_route=\/wp\/v2\/pages\/449\/revisions\/1249"}],"up":[{"embeddable":true,"href":"https:\/\/mi.iut-blagnac.fr\/index.php?rest_route=\/wp\/v2\/pages\/20"}],"wp:attachment":[{"href":"https:\/\/mi.iut-blagnac.fr\/index.php?rest_route=%2Fwp%2Fv2%2Fmedia&parent=449"}],"curies":[{"name":"wp","href":"https:\/\/api.w.org\/{rel}","templated":true}]}}