{"id":731,"date":"2017-01-11T15:32:36","date_gmt":"2017-01-11T14:32:36","guid":{"rendered":"http:\/\/mi.iut-blagnac.fr\/?page_id=731"},"modified":"2024-11-17T19:50:19","modified_gmt":"2024-11-17T18:50:19","slug":"recherche-et-partenariat","status":"publish","type":"page","link":"https:\/\/mi.iut-blagnac.fr\/?page_id=731&lang=fr","title":{"rendered":"Objectifs de la Maison Intelligente"},"content":{"rendered":"<h4 style=\"text-align: center;\">V\u00e9ritable plateforme technologique \u00e9volutive dot\u00e9e de services facilitant la vie \u00e0 domicile pour des personnes souhaitant conserver leur environnement familier malgr\u00e9 leurs difficult\u00e9s physiologiques, psychiques et m\u00e9dicales (personnes en perte d&rsquo;autonomie, en situation de handicap)<\/h4>\n<p><strong>Elle va permettre de\u00a0:<\/strong><\/p>\n<p style=\"text-align: justify;\">&#8211; D\u00e9velopper des recherches et des exp\u00e9rimentations socio-technologiques selon une <a href=\"http:\/\/mi.iut-blagnac.fr\/?page_id=1257&amp;lang=fr&amp;preview=true\">approche de mise en situation d&rsquo;usage<\/a>.<\/p>\n<p style=\"text-align: justify;\">&#8211; Former les \u00e9tudiants aux technologies et aux aspects psychosociologiques du maintien \u00e0 domicile.<\/p>\n<p style=\"text-align: justify;\">&#8211; Promouvoir et valoriser le transfert de technologies.<\/p>\n<p><img loading=\"lazy\" decoding=\"async\" class=\"size-medium wp-image-1153 aligncenter\" src=\"http:\/\/mi.iut-blagnac.fr\/wp-content\/uploads\/2017\/01\/Demo-tablette-300x201.jpg\" alt=\"\" width=\"300\" height=\"201\" srcset=\"https:\/\/mi.iut-blagnac.fr\/wp-content\/uploads\/2017\/01\/Demo-tablette-300x201.jpg 300w, https:\/\/mi.iut-blagnac.fr\/wp-content\/uploads\/2017\/01\/Demo-tablette-768x513.jpg 768w, https:\/\/mi.iut-blagnac.fr\/wp-content\/uploads\/2017\/01\/Demo-tablette-1024x684.jpg 1024w, https:\/\/mi.iut-blagnac.fr\/wp-content\/uploads\/2017\/01\/Demo-tablette.jpg 1134w\" sizes=\"auto, (max-width: 300px) 100vw, 300px\" \/><\/p>\n<p><strong>La plateforme Maison Intelligente a un triple r\u00f4le :<\/strong><\/p>\n<p style=\"text-align: justify;\"><strong>&#8211; Assurer une<\/strong><strong> veille technologique<\/strong>, offrant aux \u00e9quipes de recherche des laboratoires scientifiques et humanistes, un site exp\u00e9rimental complet (conception, r\u00e9alisation, tests, exp\u00e9rimentation et validation).<\/p>\n<p style=\"text-align: justify;\"><strong>&#8211; Etre un lieu<\/strong><strong> de pr\u00e9sentation, de d\u00e9monstration pour les entreprises des secteurs de l\u2019industrie et des services<\/strong>. V\u00e9ritable vitrine technologique du savoir-faire des entreprises dans les domaines transversaux allant de l\u2019immobilier \u00e0 l\u2019\u00e9quipement.<\/p>\n<p style=\"text-align: justify;\"><strong>&#8211; Etre un lieu<\/strong><strong> de formation id\u00e9alement \u00e9quip\u00e9 de produits exp\u00e9rimentaux<\/strong>. La maison intelligente offre pour les \u00e9tablissements de formation r\u00e9gionaux, un lieu exceptionnel dont les \u00e9tudiants sont les meilleurs ambassadeurs par leur avenir qui s\u2019inscrit \u00e0 court terme dans un milieu professionnel ouvert et manquant pr\u00e9cis\u00e9ment de profils multi-comp\u00e9tences.<\/p>\n<p><img loading=\"lazy\" decoding=\"async\" class=\"size-medium wp-image-1148 aligncenter\" src=\"http:\/\/mi.iut-blagnac.fr\/wp-content\/uploads\/2019\/01\/ut2j-iut-blagnac-maison-connecte-21-01-2019-14-300x225.jpg\" alt=\"\" width=\"300\" height=\"225\" srcset=\"https:\/\/mi.iut-blagnac.fr\/wp-content\/uploads\/2019\/01\/ut2j-iut-blagnac-maison-connecte-21-01-2019-14-300x225.jpg 300w, https:\/\/mi.iut-blagnac.fr\/wp-content\/uploads\/2019\/01\/ut2j-iut-blagnac-maison-connecte-21-01-2019-14-768x576.jpg 768w, https:\/\/mi.iut-blagnac.fr\/wp-content\/uploads\/2019\/01\/ut2j-iut-blagnac-maison-connecte-21-01-2019-14-1024x768.jpg 1024w\" sizes=\"auto, (max-width: 300px) 100vw, 300px\" \/><\/p>\n","protected":false},"excerpt":{"rendered":"<p>V\u00e9ritable plateforme technologique \u00e9volutive dot\u00e9e de services facilitant la vie \u00e0 domicile pour des personnes souhaitant conserver leur environnement familier<\/p>\n<p class=\"readmore\"><a href=\"https:\/\/mi.iut-blagnac.fr\/?page_id=731&#038;lang=fr\" title=\"Read Objectifs de la Maison Intelligente\">Read more &raquo;<\/a><\/p>\n","protected":false},"author":4,"featured_media":0,"parent":0,"menu_order":0,"comment_status":"closed","ping_status":"closed","template":"","meta":{"footnotes":""},"class_list":["post-731","page","type-page","status-publish","hentry"],"_links":{"self":[{"href":"https:\/\/mi.iut-blagnac.fr\/index.php?rest_route=\/wp\/v2\/pages\/731","targetHints":{"allow":["GET"]}}],"collection":[{"href":"https:\/\/mi.iut-blagnac.fr\/index.php?rest_route=\/wp\/v2\/pages"}],"about":[{"href":"https:\/\/mi.iut-blagnac.fr\/index.php?rest_route=\/wp\/v2\/types\/page"}],"author":[{"embeddable":true,"href":"https:\/\/mi.iut-blagnac.fr\/index.php?rest_route=\/wp\/v2\/users\/4"}],"replies":[{"embeddable":true,"href":"https:\/\/mi.iut-blagnac.fr\/index.php?rest_route=%2Fwp%2Fv2%2Fcomments&post=731"}],"version-history":[{"count":16,"href":"https:\/\/mi.iut-blagnac.fr\/index.php?rest_route=\/wp\/v2\/pages\/731\/revisions"}],"predecessor-version":[{"id":1406,"href":"https:\/\/mi.iut-blagnac.fr\/index.php?rest_route=\/wp\/v2\/pages\/731\/revisions\/1406"}],"wp:attachment":[{"href":"https:\/\/mi.iut-blagnac.fr\/index.php?rest_route=%2Fwp%2Fv2%2Fmedia&parent=731"}],"curies":[{"name":"wp","href":"https:\/\/api.w.org\/{rel}","templated":true}]}}