{"id":746,"date":"2017-01-13T16:03:09","date_gmt":"2017-01-13T15:03:09","guid":{"rendered":"http:\/\/mi.iut-blagnac.fr\/?page_id=746"},"modified":"2017-01-14T10:32:19","modified_gmt":"2017-01-14T09:32:19","slug":"partenaires","status":"publish","type":"page","link":"https:\/\/mi.iut-blagnac.fr\/?page_id=746&lang=fr","title":{"rendered":"Les partenaires"},"content":{"rendered":"<p style=\"text-align: justify;\">L&rsquo;IUT de Blagnac a su constitu\u00e9 au travers de la plateforme Maison Intelligente de Blagnac un r\u00e9seau de partenaires acad\u00e9miques, institutionnels et industriels pour r\u00e9pondre \u00e0 l&rsquo;enjeu du maintien \u00e0 domicile des personnes \u00e2g\u00e9es ou en perte d&rsquo;autonomie.<\/p>\n<p style=\"text-align: justify;\">L&rsquo;entreprise <a href=\"http:\/\/domo-center.com\/metier\/qui-sommes-nous\/notre-showroom-le-2\/\">Domocenter<\/a> situ\u00e9e sur Blagnac a r\u00e9alis\u00e9 initialement la mise en oeuvre et la\u00a0configuration des automatismes domotiques.<\/p>\n<p><img loading=\"lazy\" decoding=\"async\" class=\" wp-image-759 aligncenter\" src=\"http:\/\/mi.iut-blagnac.fr\/wp-content\/uploads\/2017\/01\/Partenaires-tableau-300x220.jpg\" alt=\"\" width=\"694\" height=\"509\" srcset=\"https:\/\/mi.iut-blagnac.fr\/wp-content\/uploads\/2017\/01\/Partenaires-tableau-300x220.jpg 300w, https:\/\/mi.iut-blagnac.fr\/wp-content\/uploads\/2017\/01\/Partenaires-tableau-768x564.jpg 768w, https:\/\/mi.iut-blagnac.fr\/wp-content\/uploads\/2017\/01\/Partenaires-tableau-1024x752.jpg 1024w, https:\/\/mi.iut-blagnac.fr\/wp-content\/uploads\/2017\/01\/Partenaires-tableau.jpg 1501w\" sizes=\"auto, (max-width: 694px) 100vw, 694px\" \/><\/p>\n","protected":false},"excerpt":{"rendered":"<p>L&rsquo;IUT de Blagnac a su constitu\u00e9 au travers de la plateforme Maison Intelligente de Blagnac un r\u00e9seau de partenaires acad\u00e9miques,<\/p>\n<p class=\"readmore\"><a href=\"https:\/\/mi.iut-blagnac.fr\/?page_id=746&#038;lang=fr\" title=\"Read Les partenaires\">Read more &raquo;<\/a><\/p>\n","protected":false},"author":4,"featured_media":0,"parent":0,"menu_order":0,"comment_status":"closed","ping_status":"closed","template":"","meta":{"footnotes":""},"class_list":["post-746","page","type-page","status-publish","hentry"],"_links":{"self":[{"href":"https:\/\/mi.iut-blagnac.fr\/index.php?rest_route=\/wp\/v2\/pages\/746","targetHints":{"allow":["GET"]}}],"collection":[{"href":"https:\/\/mi.iut-blagnac.fr\/index.php?rest_route=\/wp\/v2\/pages"}],"about":[{"href":"https:\/\/mi.iut-blagnac.fr\/index.php?rest_route=\/wp\/v2\/types\/page"}],"author":[{"embeddable":true,"href":"https:\/\/mi.iut-blagnac.fr\/index.php?rest_route=\/wp\/v2\/users\/4"}],"replies":[{"embeddable":true,"href":"https:\/\/mi.iut-blagnac.fr\/index.php?rest_route=%2Fwp%2Fv2%2Fcomments&post=746"}],"version-history":[{"count":16,"href":"https:\/\/mi.iut-blagnac.fr\/index.php?rest_route=\/wp\/v2\/pages\/746\/revisions"}],"predecessor-version":[{"id":948,"href":"https:\/\/mi.iut-blagnac.fr\/index.php?rest_route=\/wp\/v2\/pages\/746\/revisions\/948"}],"wp:attachment":[{"href":"https:\/\/mi.iut-blagnac.fr\/index.php?rest_route=%2Fwp%2Fv2%2Fmedia&parent=746"}],"curies":[{"name":"wp","href":"https:\/\/api.w.org\/{rel}","templated":true}]}}