{"id":784,"date":"2017-01-13T16:57:38","date_gmt":"2017-01-13T15:57:38","guid":{"rendered":"http:\/\/mi.iut-blagnac.fr\/?page_id=784"},"modified":"2021-09-27T09:56:57","modified_gmt":"2021-09-27T07:56:57","slug":"academiques-et-industriels","status":"publish","type":"page","link":"https:\/\/mi.iut-blagnac.fr\/?page_id=784&lang=fr","title":{"rendered":"Partenaires acad\u00e9miques et institutionnels"},"content":{"rendered":"<p>Pour vous rendre sur le site de l&rsquo;un de nos partenaires, cliquez directement sur son logo :<\/p>\n<p><a href=\"http:\/\/www.laas.fr\"><img loading=\"lazy\" decoding=\"async\" class=\"alignnone size-full wp-image-822\" src=\"http:\/\/mi.iut-blagnac.fr\/wp-content\/uploads\/2017\/01\/LAAS.jpg\" alt=\"\" width=\"138\" height=\"71\" \/><\/a>\u00a0 \u00a0 \u00a0 \u00a0 \u00a0 \u00a0\u00a0<a href=\"http:\/\/www.irit.fr\"><img loading=\"lazy\" decoding=\"async\" class=\"alignnone wp-image-1182 \" src=\"http:\/\/mi.iut-blagnac.fr\/wp-content\/uploads\/2019\/06\/IRIT2.png\" alt=\"\" width=\"88\" height=\"94\" \/><\/a>\u00a0 \u00a0 \u00a0 \u00a0 \u00a0 \u00a0\u00a0<a href=\"http:\/\/www.univ-tlse2.fr\/\"><img loading=\"lazy\" decoding=\"async\" class=\"alignnone size-full wp-image-821\" src=\"http:\/\/mi.iut-blagnac.fr\/wp-content\/uploads\/2017\/01\/UT2J.jpg\" alt=\"\" width=\"177\" height=\"42\" \/><\/a>\u00a0 \u00a0 \u00a0 \u00a0 \u00a0<a href=\"http:\/\/www.univ-toulouse.fr\/\"><img loading=\"lazy\" decoding=\"async\" class=\"alignnone size-full wp-image-823\" src=\"http:\/\/mi.iut-blagnac.fr\/wp-content\/uploads\/2017\/01\/UT.jpg\" alt=\"\" width=\"97\" height=\"137\" \/><\/a><\/p>\n<p><a href=\"https:\/\/www.lerass.com\/\"><img loading=\"lazy\" decoding=\"async\" class=\"alignnone wp-image-815\" src=\"http:\/\/mi.iut-blagnac.fr\/wp-content\/uploads\/2017\/01\/lerass.jpg\" alt=\"\" width=\"91\" height=\"91\" \/><\/a>\u00a0 \u00a0 \u00a0 \u00a0 \u00a0 \u00a0 \u00a0 \u00a0 \u00a0 \u00a0 \u00a0<a href=\"http:\/\/clle.univ-tlse2.fr\/\"><img loading=\"lazy\" decoding=\"async\" class=\"alignnone wp-image-814\" src=\"http:\/\/mi.iut-blagnac.fr\/wp-content\/uploads\/2017\/01\/CLLE.png\" alt=\"\" width=\"127\" height=\"76\" \/> \u00a0 \u00a0 \u00a0 \u00a0 \u00a0 \u00a0 <\/a><a href=\"https:\/\/lisst.univ-tlse2.fr\/\"><img loading=\"lazy\" decoding=\"async\" class=\"alignnone  wp-image-1330\" src=\"http:\/\/mi.iut-blagnac.fr\/wp-content\/uploads\/2021\/09\/Logo-LISST-300x136.png\" alt=\"\" width=\"132\" height=\"60\" srcset=\"https:\/\/mi.iut-blagnac.fr\/wp-content\/uploads\/2021\/09\/Logo-LISST-300x136.png 300w, https:\/\/mi.iut-blagnac.fr\/wp-content\/uploads\/2021\/09\/Logo-LISST.png 333w\" sizes=\"auto, (max-width: 132px) 100vw, 132px\" \/><\/a>\u00a0 \u00a0 \u00a0 \u00a0 \u00a0 \u00a0 \u00a0 \u00a0\u00a0\u00a0 \u00a0 \u00a0\u00a0\u00a0 <a href=\"http:\/\/mshs.univ-toulouse.fr\/\"><img loading=\"lazy\" decoding=\"async\" class=\"alignnone wp-image-820\" src=\"http:\/\/mi.iut-blagnac.fr\/wp-content\/uploads\/2017\/01\/MSH.jpg\" alt=\"\" width=\"58\" height=\"97\" \/><\/a><\/p>\n<p><a href=\"https:\/\/www.telesante-midipyrenees.fr\/portail\/\"><img loading=\"lazy\" decoding=\"async\" class=\"alignnone wp-image-166\" src=\"http:\/\/mi.iut-blagnac.fr\/wp-content\/uploads\/2011\/11\/instit17.png\" alt=\"Insititu Europ\u00e9en de T\u00e9l\u00e9m\u00e9decine\" width=\"76\" height=\"115\" \/><\/a>\u00a0 \u00a0 \u00a0 \u00a0 \u00a0 \u00a0 \u00a0 \u00a0 \u00a0\u00a0<a href=\"http:\/\/www.chu-toulouse.fr\"><img loading=\"lazy\" decoding=\"async\" class=\"alignnone wp-image-164 \" src=\"http:\/\/mi.iut-blagnac.fr\/wp-content\/uploads\/2011\/11\/hopitauxtlse14.png\" alt=\"Hopitaux de Toulouse\" width=\"140\" height=\"55\" \/><\/a>\u00a0 \u00a0 \u00a0 \u00a0 \u00a0 \u00a0 \u00a0 \u00a0 \u00a0 \u00a0 \u00a0<a href=\"http:\/\/www.chu-toulouse.fr\/-gerontopole-891-\"><img loading=\"lazy\" decoding=\"async\" class=\"alignnone wp-image-165 \" src=\"http:\/\/mi.iut-blagnac.fr\/wp-content\/uploads\/2011\/11\/gerontopole15-300x94.png\" alt=\"Toulouse G\u00e9rontopole\" width=\"153\" height=\"48\" srcset=\"https:\/\/mi.iut-blagnac.fr\/wp-content\/uploads\/2011\/11\/gerontopole15-300x94.png 300w, https:\/\/mi.iut-blagnac.fr\/wp-content\/uploads\/2011\/11\/gerontopole15.png 301w\" sizes=\"auto, (max-width: 153px) 100vw, 153px\" \/><\/a>\u00a0 \u00a0 \u00a0 \u00a0 \u00a0 \u00a0\u00a0<a href=\"http:\/\/www.u1027.inserm.fr\/\"><img loading=\"lazy\" decoding=\"async\" class=\"alignnone size-full wp-image-817\" src=\"http:\/\/mi.iut-blagnac.fr\/wp-content\/uploads\/2017\/01\/Inserm.png\" alt=\"\" width=\"173\" height=\"56\" \/><\/a><\/p>\n<p><a href=\"http:\/\/www.laregion.fr\/\"><img loading=\"lazy\" decoding=\"async\" class=\"alignnone wp-image-829\" src=\"http:\/\/mi.iut-blagnac.fr\/wp-content\/uploads\/2017\/01\/RegionMP-300x141.png\" alt=\"\" width=\"119\" height=\"56\" srcset=\"https:\/\/mi.iut-blagnac.fr\/wp-content\/uploads\/2017\/01\/RegionMP-300x141.png 300w, https:\/\/mi.iut-blagnac.fr\/wp-content\/uploads\/2017\/01\/RegionMP.png 327w\" sizes=\"auto, (max-width: 119px) 100vw, 119px\" \/><\/a>\u00a0 \u00a0 \u00a0 \u00a0 \u00a0 \u00a0 \u00a0 \u00a0 \u00a0 \u00a0 <a href=\"https:\/\/www.haute-garonne.fr\/\"><img loading=\"lazy\" decoding=\"async\" class=\"alignnone wp-image-849\" src=\"http:\/\/mi.iut-blagnac.fr\/wp-content\/uploads\/2017\/01\/CG31.png\" alt=\"\" width=\"67\" height=\"95\" \/><\/a>\u00a0 \u00a0 \u00a0 \u00a0 \u00a0 \u00a0 \u00a0 \u00a0 \u00a0 \u00a0 \u00a0 \u00a0 \u00a0 \u00a0 \u00a0 \u00a0<a href=\"http:\/\/www.aerospace-valley.com\/\"><img loading=\"lazy\" decoding=\"async\" class=\"alignnone wp-image-831\" src=\"http:\/\/mi.iut-blagnac.fr\/wp-content\/uploads\/2017\/01\/Aerospace-valley-1.jpg\" alt=\"\" width=\"114\" height=\"73\" \/><\/a> \u00a0\u00a0 \u00a0 \u00a0 \u00a0 \u00a0 \u00a0 \u00a0 \u00a0 \u00a0 \u00a0 \u00a0 \u00a0<a href=\"https:\/\/www.cancerbiosante.fr\/fr\/\"><img loading=\"lazy\" decoding=\"async\" class=\"alignnone wp-image-830\" src=\"http:\/\/mi.iut-blagnac.fr\/wp-content\/uploads\/2017\/01\/CBS.png\" alt=\"\" width=\"124\" height=\"71\" \/><\/a><\/p>\n<p><a href=\"http:\/\/isis.univ-jfc.fr\/ecole-isis\"><img loading=\"lazy\" decoding=\"async\" class=\"alignnone size-full wp-image-819\" src=\"http:\/\/mi.iut-blagnac.fr\/wp-content\/uploads\/2017\/01\/ISIS.jpg\" alt=\"\" width=\"96\" height=\"85\" \/><\/a>\u00a0 \u00a0 \u00a0 \u00a0 \u00a0 \u00a0 \u00a0 \u00a0 \u00a0 \u00a0\u00a0<a href=\"https:\/\/www.promotelec.com\/\"><img loading=\"lazy\" decoding=\"async\" class=\"alignnone wp-image-840\" src=\"http:\/\/mi.iut-blagnac.fr\/wp-content\/uploads\/2017\/01\/Promotelec-1-300x117.jpg\" alt=\"\" width=\"161\" height=\"63\" srcset=\"https:\/\/mi.iut-blagnac.fr\/wp-content\/uploads\/2017\/01\/Promotelec-1-300x117.jpg 300w, https:\/\/mi.iut-blagnac.fr\/wp-content\/uploads\/2017\/01\/Promotelec-1.jpg 360w\" sizes=\"auto, (max-width: 161px) 100vw, 161px\" \/><\/a>\u00a0 \u00a0 \u00a0 \u00a0 \u00a0 \u00a0 \u00a0 <a href=\"http:\/\/www.france-silvereco.fr\/\"><img loading=\"lazy\" decoding=\"async\" class=\"alignnone wp-image-828\" src=\"http:\/\/mi.iut-blagnac.fr\/wp-content\/uploads\/2017\/01\/Sivereco-300x155.png\" alt=\"\" width=\"136\" height=\"70\" srcset=\"https:\/\/mi.iut-blagnac.fr\/wp-content\/uploads\/2017\/01\/Sivereco-300x155.png 300w, https:\/\/mi.iut-blagnac.fr\/wp-content\/uploads\/2017\/01\/Sivereco.png 312w\" sizes=\"auto, (max-width: 136px) 100vw, 136px\" \/><\/a>\u00a0 \u00a0 \u00a0 \u00a0 \u00a0 \u00a0 \u00a0 \u00a0 \u00a0 \u00a0\u00a0<a href=\"http:\/\/www.ars.occitanie.sante.fr\/L-ARS-Midi-Pyrenees.83184.0.html\"><img loading=\"lazy\" decoding=\"async\" class=\"alignnone wp-image-852\" src=\"http:\/\/mi.iut-blagnac.fr\/wp-content\/uploads\/2017\/01\/ARS.png\" width=\"86\" height=\"50\" \/><\/a><\/p>\n","protected":false},"excerpt":{"rendered":"<p>Pour vous rendre sur le site de l&rsquo;un de nos partenaires, cliquez directement sur son logo : \u00a0 \u00a0 \u00a0<\/p>\n<p class=\"readmore\"><a href=\"https:\/\/mi.iut-blagnac.fr\/?page_id=784&#038;lang=fr\" title=\"Read Partenaires acad\u00e9miques et institutionnels\">Read more &raquo;<\/a><\/p>\n","protected":false},"author":4,"featured_media":0,"parent":0,"menu_order":0,"comment_status":"closed","ping_status":"closed","template":"","meta":{"footnotes":""},"class_list":["post-784","page","type-page","status-publish","hentry"],"_links":{"self":[{"href":"https:\/\/mi.iut-blagnac.fr\/index.php?rest_route=\/wp\/v2\/pages\/784","targetHints":{"allow":["GET"]}}],"collection":[{"href":"https:\/\/mi.iut-blagnac.fr\/index.php?rest_route=\/wp\/v2\/pages"}],"about":[{"href":"https:\/\/mi.iut-blagnac.fr\/index.php?rest_route=\/wp\/v2\/types\/page"}],"author":[{"embeddable":true,"href":"https:\/\/mi.iut-blagnac.fr\/index.php?rest_route=\/wp\/v2\/users\/4"}],"replies":[{"embeddable":true,"href":"https:\/\/mi.iut-blagnac.fr\/index.php?rest_route=%2Fwp%2Fv2%2Fcomments&post=784"}],"version-history":[{"count":16,"href":"https:\/\/mi.iut-blagnac.fr\/index.php?rest_route=\/wp\/v2\/pages\/784\/revisions"}],"predecessor-version":[{"id":1331,"href":"https:\/\/mi.iut-blagnac.fr\/index.php?rest_route=\/wp\/v2\/pages\/784\/revisions\/1331"}],"wp:attachment":[{"href":"https:\/\/mi.iut-blagnac.fr\/index.php?rest_route=%2Fwp%2Fv2%2Fmedia&parent=784"}],"curies":[{"name":"wp","href":"https:\/\/api.w.org\/{rel}","templated":true}]}}