{"id":855,"date":"2017-01-13T18:35:18","date_gmt":"2017-01-13T17:35:18","guid":{"rendered":"http:\/\/mi.iut-blagnac.fr\/?page_id=855"},"modified":"2017-01-13T19:23:40","modified_gmt":"2017-01-13T18:23:40","slug":"description-de-la-mi","status":"publish","type":"page","link":"https:\/\/mi.iut-blagnac.fr\/?page_id=855&lang=fr","title":{"rendered":"Les missions"},"content":{"rendered":"<p style=\"text-align: justify;\">La plateforme Maison Intelligente (MIB) a pour\u00a0but de promouvoir l\u2019innovation enrichie par les Technologies de l\u2019Information et de la Communication dans le domaine de la Sant\u00e9 \u00e0 Domicile et de l\u2019Autonomie. Elle fait ainsi le lien entre les industriels, les professionnels du monde de la sant\u00e9, les patients et les collectivit\u00e9s territoriales et la formation afin de favoriser l&rsquo;\u00e9mergence de solutions pour le maintien \u00e0 domicile de personnes \u00e2g\u00e9es, fragiles, d\u00e9pendantes, handicap\u00e9es, r\u00e9pondant \u00e0 des besoins r\u00e9els et \u00e9conomiquement viables. Elle s\u2019inscrit r\u00e9solument dans les probl\u00e9matiques soci\u00e9tales actuelles li\u00e9es au vieillissement et \u00e0 l\u2019autonomie des personnes dans leur domicile de vie.<\/p>\n<p style=\"text-align: justify;\">La Maison Intelligente rassemble, au service des entreprises, des chercheurs et des formations, les conditions optimales de l\u2019\u00e9mergence de l\u2019innovation dans le domaine de l\u2019accompagnement des personnes \u00e0 domicile et de leurs aidants, depuis la formalisation de l\u2019id\u00e9e jusqu\u2019au d\u00e9ploiement et \u00e0 la validation en condition r\u00e9elle.<\/p>\n<p style=\"text-align: justify;\"><img loading=\"lazy\" decoding=\"async\" class=\" wp-image-884 aligncenter\" src=\"http:\/\/mi.iut-blagnac.fr\/wp-content\/uploads\/2017\/01\/Espaces-300x142.jpg\" alt=\"\" width=\"467\" height=\"221\" srcset=\"https:\/\/mi.iut-blagnac.fr\/wp-content\/uploads\/2017\/01\/Espaces-300x142.jpg 300w, https:\/\/mi.iut-blagnac.fr\/wp-content\/uploads\/2017\/01\/Espaces.jpg 662w\" sizes=\"auto, (max-width: 467px) 100vw, 467px\" \/><\/p>\n<p style=\"text-align: justify;\"><strong>Elle offre une capacit\u00e9 d\u2019analyse et une expertise dans les domaines principaux suivants :<\/strong><\/p>\n<p>&#8211; Structure de tests pour \u00e9valuer les dispositifs, les syst\u00e8mes et les services dans le domaine du maintien \u00e0 domicile,<\/p>\n<p style=\"text-align: justify;\">&#8211; Exp\u00e9rimentation technologique et des usages sur les aspects capteurs, r\u00e9seaux de communication, informatique logicielle, syst\u00e8mes d\u2019information, interaction homme-syst\u00e8me,<\/p>\n<p>&#8211; Veille technologique des solutions et services possibles,<\/p>\n<p>&#8211; Plateau de formation \u00e0 vis\u00e9e p\u00e9dagogique,<\/p>\n<p>&#8211; Mise en synergie avec les acteurs \u00e9conomiques.<\/p>\n","protected":false},"excerpt":{"rendered":"<p>La plateforme Maison Intelligente (MIB) a pour\u00a0but de promouvoir l\u2019innovation enrichie par les Technologies de l\u2019Information et de la Communication<\/p>\n<p class=\"readmore\"><a href=\"https:\/\/mi.iut-blagnac.fr\/?page_id=855&#038;lang=fr\" title=\"Read Les missions\">Read more &raquo;<\/a><\/p>\n","protected":false},"author":4,"featured_media":0,"parent":0,"menu_order":0,"comment_status":"closed","ping_status":"closed","template":"","meta":{"footnotes":""},"class_list":["post-855","page","type-page","status-publish","hentry"],"_links":{"self":[{"href":"https:\/\/mi.iut-blagnac.fr\/index.php?rest_route=\/wp\/v2\/pages\/855","targetHints":{"allow":["GET"]}}],"collection":[{"href":"https:\/\/mi.iut-blagnac.fr\/index.php?rest_route=\/wp\/v2\/pages"}],"about":[{"href":"https:\/\/mi.iut-blagnac.fr\/index.php?rest_route=\/wp\/v2\/types\/page"}],"author":[{"embeddable":true,"href":"https:\/\/mi.iut-blagnac.fr\/index.php?rest_route=\/wp\/v2\/users\/4"}],"replies":[{"embeddable":true,"href":"https:\/\/mi.iut-blagnac.fr\/index.php?rest_route=%2Fwp%2Fv2%2Fcomments&post=855"}],"version-history":[{"count":5,"href":"https:\/\/mi.iut-blagnac.fr\/index.php?rest_route=\/wp\/v2\/pages\/855\/revisions"}],"predecessor-version":[{"id":892,"href":"https:\/\/mi.iut-blagnac.fr\/index.php?rest_route=\/wp\/v2\/pages\/855\/revisions\/892"}],"wp:attachment":[{"href":"https:\/\/mi.iut-blagnac.fr\/index.php?rest_route=%2Fwp%2Fv2%2Fmedia&parent=855"}],"curies":[{"name":"wp","href":"https:\/\/api.w.org\/{rel}","templated":true}]}}