{"id":929,"date":"2017-01-13T20:25:41","date_gmt":"2017-01-13T19:25:41","guid":{"rendered":"http:\/\/mi.iut-blagnac.fr\/?page_id=929"},"modified":"2025-05-12T15:05:15","modified_gmt":"2025-05-12T13:05:15","slug":"prestations","status":"publish","type":"page","link":"https:\/\/mi.iut-blagnac.fr\/?page_id=929&lang=fr","title":{"rendered":"Prestations et tarifs"},"content":{"rendered":"\n<p id=\"block-2ec2bd3d-fd3d-4b73-b9cc-8e92fefcd36f\"><\/p>\n\n\n\n<h2 class=\"wp-block-heading\">Tarification<\/h2>\n\n\n\n<p id=\"block-1d3d67e3-efe7-45d5-9daf-e03eb3ab6898\">La plateforme est ouverte \u00e0 tout organisme (entreprise, institution, \u00e9quipe de recherche&#8230;) dans le respect des objectifs de formation, d\u2019exp\u00e9rimentation scientifique, de veille technologique, de promotion pour lesquels la Maison Intelligente a \u00e9t\u00e9 d\u00e9velopp\u00e9e.<\/p>\n\n\n\n<p id=\"block-2ea19856-1772-4c66-9b93-99232ef48c53\">Elle propose une :<\/p>\n\n\n\n<ul id=\"block-d5a92a21-7f57-4960-a607-0b96b9a83312\" class=\"wp-block-list\">\n<li>Mise \u00e0 disposition de la salle p\u00e9dagogique : formation ou s\u00e9minaire<\/li>\n\n\n\n<li>Mise \u00e0 disposition de la maison et utilisation des \u00e9quipements dans leur configuration d\u2019origine<\/li>\n\n\n\n<li>Mise \u00e0 disposition de la maison et utilisation des \u00e9quipements avec possibilit\u00e9 de modification de la configuration de base<\/li>\n\n\n\n<li>Mise \u00e0 disposition de la maison et utilisation des \u00e9quipements avec mise \u00e0 disposition d\u2019un personnel technique<\/li>\n\n\n\n<li>Mise \u00e0 disposition de la maison&nbsp; pour des expositions et d\u00e9monstrations de produits<\/li>\n\n\n\n<li>Mise \u00e0 disposition de la maison pour des actions de communication<\/li>\n<\/ul>\n\n\n\n<p id=\"block-617ab41a-7393-4a28-adea-6b67a5d5bd98\">Le tableau ci-dessous pr\u00e9cise les tarifs Hors Taxe pour chaque prestation. Ils correspondent aux frais de fonctionnement et d\u2019utilisation de la plateforme dans sa configuration de base et si besoin, \u00e0 la mise \u00e0 disposition de personnels techniques.<\/p>\n\n\n\n<p id=\"block-b56899d2-600f-463d-b18a-c15d71ffc18b\"><em>Ces tarifs sont r\u00e9visables tous les ans.<\/em><\/p>\n\n\n\n<figure class=\"wp-block-image\" id=\"block-15fdd825-76e7-4a87-a145-2b9a626137de\"><a href=\"http:\/\/mi.iut-blagnac.fr\/wp-content\/uploads\/2024\/11\/Tarifs-location-scaled.jpg\"><img decoding=\"async\" src=\"http:\/\/mi.iut-blagnac.fr\/wp-content\/uploads\/2024\/11\/Tarifs-location-1024x408.jpg\" alt=\"L\u2019attribut alt de cette image est vide, son nom de fichier est Tarifs-location-1024x408.jpg.\"\/><\/a><\/figure>\n\n\n\n<p id=\"block-b0e84fd2-d364-4c3e-b7c0-5681a42b5510\"><\/p>\n\n\n\n<h4 class=\"wp-block-heading\" id=\"block-e0a9ccb2-8dda-4890-8481-54f06a5948f1\">Mode de r\u00e9servation<\/h4>\n\n\n\n<p id=\"block-3a4d4a2f-a7f1-4322-a879-a097cd44fa97\">Pour la r\u00e9servation de toute ou partie de la plateforme et des \u00e9quipements souhait\u00e9s, l\u2019utilisateur transmet par courrier ou par email au <a href=\"http:\/\/mi.iut-blagnac.fr\/?page_id=936\">service administratif de l&rsquo;IUT<\/a> une demande succincte explicitant son projet, ses caract\u00e9ristiques techniques et sa dur\u00e9e ainsi que les dates de r\u00e9servation souhait\u00e9es.<\/p>\n\n\n\n<p id=\"block-4ae09171-6291-4808-a810-0e63024dc2a4\">En fonction du type de prestation demand\u00e9e, une r\u00e9ponse sera donn\u00e9e dans un d\u00e9lai variant de 1 \u00e0 3 semaines. Si la demande est accept\u00e9e, un cr\u00e9neau est r\u00e9serv\u00e9 pour l\u2019ex\u00e9cution de la prestation dans le planning d\u2019occupation de la plateforme. Une convention pour formaliser la demande sera r\u00e9dig\u00e9e. Tout refus sera justifi\u00e9.<\/p>\n\n\n\n<p id=\"block-7f41a758-0363-4e02-8b3a-43765d89c555\"><\/p>\n\n\n\n<h2 class=\"wp-block-heading\">Prestations<\/h2>\n\n\n\n<p>Les prestations propos\u00e9es par l\u2019\u00e9quipe de chercheurs de la Maison Intelligente peuvent concerner des expertises, des \u00e9tudes de faisabilit\u00e9 et la mise en place de protocoles de caract\u00e9risation et analyse de performance en environnement contr\u00f4l\u00e9. Ces prestations font l\u2019objet de conventions de collaboration, de devis ou des contrats d\u2019\u00e9tude.<\/p>\n\n\n\n<p>Les chercheurs dispensent \u00e9galement des formations sp\u00e9cifiques aupr\u00e8s de professionnels et d\u2019\u00e9l\u00e8ves de formations en sant\u00e9 : ergoth\u00e9rapeutes, responsables de structures EHPAD, \u00e9l\u00e8ves aide-soignant Croix Rouge\u2026<\/p>\n","protected":false},"excerpt":{"rendered":"<p>Tarification La plateforme est ouverte \u00e0 tout organisme (entreprise, institution, \u00e9quipe de recherche&#8230;) dans le respect des objectifs de formation,<\/p>\n<p class=\"readmore\"><a href=\"https:\/\/mi.iut-blagnac.fr\/?page_id=929&#038;lang=fr\" title=\"Read Prestations et tarifs\">Read more &raquo;<\/a><\/p>\n","protected":false},"author":4,"featured_media":0,"parent":0,"menu_order":0,"comment_status":"closed","ping_status":"closed","template":"","meta":{"footnotes":""},"class_list":["post-929","page","type-page","status-publish","hentry"],"_links":{"self":[{"href":"https:\/\/mi.iut-blagnac.fr\/index.php?rest_route=\/wp\/v2\/pages\/929","targetHints":{"allow":["GET"]}}],"collection":[{"href":"https:\/\/mi.iut-blagnac.fr\/index.php?rest_route=\/wp\/v2\/pages"}],"about":[{"href":"https:\/\/mi.iut-blagnac.fr\/index.php?rest_route=\/wp\/v2\/types\/page"}],"author":[{"embeddable":true,"href":"https:\/\/mi.iut-blagnac.fr\/index.php?rest_route=\/wp\/v2\/users\/4"}],"replies":[{"embeddable":true,"href":"https:\/\/mi.iut-blagnac.fr\/index.php?rest_route=%2Fwp%2Fv2%2Fcomments&post=929"}],"version-history":[{"count":14,"href":"https:\/\/mi.iut-blagnac.fr\/index.php?rest_route=\/wp\/v2\/pages\/929\/revisions"}],"predecessor-version":[{"id":1457,"href":"https:\/\/mi.iut-blagnac.fr\/index.php?rest_route=\/wp\/v2\/pages\/929\/revisions\/1457"}],"wp:attachment":[{"href":"https:\/\/mi.iut-blagnac.fr\/index.php?rest_route=%2Fwp%2Fv2%2Fmedia&parent=929"}],"curies":[{"name":"wp","href":"https:\/\/api.w.org\/{rel}","templated":true}]}}