{"id":971,"date":"2017-01-14T11:23:43","date_gmt":"2017-01-14T10:23:43","guid":{"rendered":"http:\/\/mi.iut-blagnac.fr\/?page_id=971"},"modified":"2024-11-17T20:03:22","modified_gmt":"2024-11-17T19:03:22","slug":"salons","status":"publish","type":"page","link":"https:\/\/mi.iut-blagnac.fr\/?page_id=971&lang=fr","title":{"rendered":"Salons\/S\u00e9minaires"},"content":{"rendered":"<p style=\"text-align: justify;\">La Maison Intelligente de Blagnac participe r\u00e9guli\u00e8rement \u00e0 diff\u00e9rents salons et manifestations :<\/p>\n<ul>\n<li>Pr\u00e9sentation de la MI au Salon TP Bat (29 f\u00e9vrier au 02 mars 2012), Salon SaP (15 mars 2012), Colloque Alzheimer IRIT (janvier 2013), Conf\u00e9rence Le Point (28 mars 2013), Futurapolis (11-13 avril 2013), Habitat en zone rurale -Vic en Bigorre (30 mai 2013), JRTI 2014 IUT Blagnac, JNCT 2014 (mai 2014 IUT Blagnac), Ecole des Mines d\u2019Albi (2014), Salon Silver Eco (2015 et 2016), F\u00eate de la science (octobre 2016), Salon de l\u2019habitat (octobre 2016), Journ\u00e9e Les parcours de la forme (d\u00e9cembre 2016), Salon Silver Eco (avril 2017), Journ\u00e9e Patrimoine (septembre 2017), InfraMed-Cogiter (d\u00e9cembre 2017), s\u00e9minaire HUT (janvier 2018), Handicap 2018 (juin 2018), <a href=\"https:\/\/salondulogementneuftoulouse.com\/le-logement-du-futur\/\">Salon du logement neuf &#8211; logement du futur<\/a> (f\u00e9vrier 2019), Salon Seniors et + (septembre 2021 et 2022), f\u00eate de la science (novembre 2022), Forum de la recherche \u00e0 l&rsquo;UT2J (2023, 2024).<\/li>\n<\/ul>\n<p>Elle participe \u00e9galement \u00e0 l&rsquo;organisation de journ\u00e9es\u00a0nationales de la Domotique, ARSEG, Club r\u00e9ussir, PRC Sant\u00e9\u2026<\/p>\n<p>Elle organise des journ\u00e9es de visites et d&rsquo;\u00e9changes (ateliers, rencontres, journ\u00e9es th\u00e9matiques, s\u00e9minaires).<\/p>\n<p>Le dernier s\u00e9minaire en 2023 portait sur \u00ab\u00a0Les Laboratoires Vivants (Living-Labs) au service de l&rsquo;autonomie de la personne\u00a0\u00bb avec deux invit\u00e9s les Professeurs H\u00e9l\u00e8ne Pigot et Sylvain Giroux de l&rsquo;Universit\u00e9 de Sherbrooke (<a href=\"https:\/\/www.usherbrooke.ca\/domus\/fr\/\">Laboratoire DOMUS<\/a>).<\/p>\n<p>La Maison Intelligente a particip\u00e9 aux\u00a0<a href=\"https:\/\/www.occitanie.ars.sante.fr\/assises-departementales-des-maladies-neurodegeneratives\">Assises d\u00e9partementales Plan maladies neurod\u00e9g\u00e9n\u00e9ratives- Haute-Garonne.<\/a><\/p>\n<p>Collaboration avec <a href=\"https:\/\/www.agessansfrontieres.fr\/\">Ages Sans Fronti\u00e8res<\/a> lequel a re\u00e7u le prix <a href=\"https:\/\/www.occitanie-silver-trophees.fr\/\">Occitanie Silver Troph\u00e9e 2019<\/a>, dans la cat\u00e9gorie initiative collective citoyenne\/associative.<\/p>\n<p style=\"text-align: center;\"><img loading=\"lazy\" decoding=\"async\" class=\"alignnone size-medium wp-image-978\" src=\"http:\/\/mi.iut-blagnac.fr\/wp-content\/uploads\/2017\/01\/Delaunay-300x164.png\" alt=\"\" width=\"300\" height=\"164\" srcset=\"https:\/\/mi.iut-blagnac.fr\/wp-content\/uploads\/2017\/01\/Delaunay-300x164.png 300w, https:\/\/mi.iut-blagnac.fr\/wp-content\/uploads\/2017\/01\/Delaunay.png 455w\" sizes=\"auto, (max-width: 300px) 100vw, 300px\" \/>\u00a0 \u00a0 \u00a0 \u00a0 \u00a0 \u00a0 \u00a0 \u00a0 \u00a0 \u00a0 \u00a0 \u00a0 \u00a0 \u00a0 \u00a0<img loading=\"lazy\" decoding=\"async\" class=\"alignnone size-medium wp-image-976\" src=\"http:\/\/mi.iut-blagnac.fr\/wp-content\/uploads\/2017\/01\/Costes-300x156.png\" alt=\"\" width=\"300\" height=\"156\" srcset=\"https:\/\/mi.iut-blagnac.fr\/wp-content\/uploads\/2017\/01\/Costes-300x156.png 300w, https:\/\/mi.iut-blagnac.fr\/wp-content\/uploads\/2017\/01\/Costes.png 311w\" sizes=\"auto, (max-width: 300px) 100vw, 300px\" \/><br \/>\n<img loading=\"lazy\" decoding=\"async\" class=\"alignnone size-full wp-image-977\" src=\"http:\/\/mi.iut-blagnac.fr\/wp-content\/uploads\/2017\/01\/Keller.png\" alt=\"\" width=\"296\" height=\"170\" \/>\u00a0 \u00a0 \u00a0 \u00a0 \u00a0 \u00a0 \u00a0 \u00a0 \u00a0 \u00a0 \u00a0 \u00a0 \u00a0 \u00a0 \u00a0\u00a0<img loading=\"lazy\" decoding=\"async\" class=\"alignnone wp-image-1186\" src=\"http:\/\/mi.iut-blagnac.fr\/wp-content\/uploads\/2019\/06\/logement_2019groupe-300x213.jpeg\" alt=\"\" width=\"265\" height=\"188\" srcset=\"https:\/\/mi.iut-blagnac.fr\/wp-content\/uploads\/2019\/06\/logement_2019groupe-300x213.jpeg 300w, https:\/\/mi.iut-blagnac.fr\/wp-content\/uploads\/2019\/06\/logement_2019groupe-768x544.jpeg 768w, https:\/\/mi.iut-blagnac.fr\/wp-content\/uploads\/2019\/06\/logement_2019groupe-1024x725.jpeg 1024w, https:\/\/mi.iut-blagnac.fr\/wp-content\/uploads\/2019\/06\/logement_2019groupe.jpeg 2044w\" sizes=\"auto, (max-width: 265px) 100vw, 265px\" \/><\/p>\n","protected":false},"excerpt":{"rendered":"<p>La Maison Intelligente de Blagnac participe r\u00e9guli\u00e8rement \u00e0 diff\u00e9rents salons et manifestations : Pr\u00e9sentation de la MI au Salon TP<\/p>\n<p class=\"readmore\"><a href=\"https:\/\/mi.iut-blagnac.fr\/?page_id=971&#038;lang=fr\" title=\"Read Salons\/S\u00e9minaires\">Read more &raquo;<\/a><\/p>\n","protected":false},"author":4,"featured_media":0,"parent":0,"menu_order":0,"comment_status":"closed","ping_status":"closed","template":"","meta":{"footnotes":""},"class_list":["post-971","page","type-page","status-publish","hentry"],"_links":{"self":[{"href":"https:\/\/mi.iut-blagnac.fr\/index.php?rest_route=\/wp\/v2\/pages\/971","targetHints":{"allow":["GET"]}}],"collection":[{"href":"https:\/\/mi.iut-blagnac.fr\/index.php?rest_route=\/wp\/v2\/pages"}],"about":[{"href":"https:\/\/mi.iut-blagnac.fr\/index.php?rest_route=\/wp\/v2\/types\/page"}],"author":[{"embeddable":true,"href":"https:\/\/mi.iut-blagnac.fr\/index.php?rest_route=\/wp\/v2\/users\/4"}],"replies":[{"embeddable":true,"href":"https:\/\/mi.iut-blagnac.fr\/index.php?rest_route=%2Fwp%2Fv2%2Fcomments&post=971"}],"version-history":[{"count":28,"href":"https:\/\/mi.iut-blagnac.fr\/index.php?rest_route=\/wp\/v2\/pages\/971\/revisions"}],"predecessor-version":[{"id":1418,"href":"https:\/\/mi.iut-blagnac.fr\/index.php?rest_route=\/wp\/v2\/pages\/971\/revisions\/1418"}],"wp:attachment":[{"href":"https:\/\/mi.iut-blagnac.fr\/index.php?rest_route=%2Fwp%2Fv2%2Fmedia&parent=971"}],"curies":[{"name":"wp","href":"https:\/\/api.w.org\/{rel}","templated":true}]}}