{"id":98,"date":"2016-03-07T10:07:56","date_gmt":"2016-03-07T09:07:56","guid":{"rendered":"http:\/\/localhost\/mi\/?page_id=98"},"modified":"2024-11-17T19:54:35","modified_gmt":"2024-11-17T18:54:35","slug":"formation-dut","status":"publish","type":"page","link":"https:\/\/mi.iut-blagnac.fr\/?page_id=98&lang=fr","title":{"rendered":"Formation BUT"},"content":{"rendered":"<p>Plusieurs projets \u00e9tudiants sont confi\u00e9s r\u00e9guli\u00e8rement aux \u00e9tudiants de l&rsquo;IUT en lien direct avec les sujets de recherche trait\u00e9s dans le cadre de la Maison Intelligente.<\/p>\n<p>L\u2019IUT propose :<\/p>\n<p><strong><u>4 D\u00e9partements<\/u><\/strong><\/p>\n<p>\u2666 D\u00e9partement Informatique (Info)<\/p>\n<p><a href=\"https:\/\/www.iut-blagnac.fr\/fr\/formations\/dut-informatique\" data-wplink-edit=\"true\"><strong>BUT<\/strong><strong> Info<\/strong><\/a><\/p>\n<p>\u2666 D\u00e9partement G\u00e9nie Industriel et Maintenance (GIM)<\/p>\n<p><a href=\"https:\/\/www.iut-blagnac.fr\/fr\/formations\/dut-gim\" data-wplink-edit=\"true\"><strong>BUT<\/strong><strong> GIM<\/strong><\/a><\/p>\n<p>\u2666 D\u00e9partement R\u00e9seaux et T\u00e9l\u00e9communications (R&amp;T)<\/p>\n<p><a href=\"https:\/\/www.iut-blagnac.fr\/fr\/formations\/dut-rt\"><strong>BUT<\/strong><strong> RT<\/strong><\/a><\/p>\n<p>\u2666 D\u00e9partement Carri\u00e8re Sociale option Service \u00e0 la Personne (CS SaP)<\/p>\n<p><a href=\"https:\/\/www.iut-blagnac.fr\/fr\/formations\/dut-cs\"><strong>BUT<\/strong><strong> CS<\/strong><\/a><\/p>\n","protected":false},"excerpt":{"rendered":"<p>Plusieurs projets \u00e9tudiants sont confi\u00e9s r\u00e9guli\u00e8rement aux \u00e9tudiants de l&rsquo;IUT en lien direct avec les sujets de recherche trait\u00e9s dans<\/p>\n<p class=\"readmore\"><a href=\"https:\/\/mi.iut-blagnac.fr\/?page_id=98&#038;lang=fr\" title=\"Read Formation BUT\">Read more &raquo;<\/a><\/p>\n","protected":false},"author":4,"featured_media":0,"parent":20,"menu_order":0,"comment_status":"closed","ping_status":"closed","template":"","meta":{"footnotes":""},"class_list":["post-98","page","type-page","status-publish","hentry"],"_links":{"self":[{"href":"https:\/\/mi.iut-blagnac.fr\/index.php?rest_route=\/wp\/v2\/pages\/98","targetHints":{"allow":["GET"]}}],"collection":[{"href":"https:\/\/mi.iut-blagnac.fr\/index.php?rest_route=\/wp\/v2\/pages"}],"about":[{"href":"https:\/\/mi.iut-blagnac.fr\/index.php?rest_route=\/wp\/v2\/types\/page"}],"author":[{"embeddable":true,"href":"https:\/\/mi.iut-blagnac.fr\/index.php?rest_route=\/wp\/v2\/users\/4"}],"replies":[{"embeddable":true,"href":"https:\/\/mi.iut-blagnac.fr\/index.php?rest_route=%2Fwp%2Fv2%2Fcomments&post=98"}],"version-history":[{"count":13,"href":"https:\/\/mi.iut-blagnac.fr\/index.php?rest_route=\/wp\/v2\/pages\/98\/revisions"}],"predecessor-version":[{"id":1411,"href":"https:\/\/mi.iut-blagnac.fr\/index.php?rest_route=\/wp\/v2\/pages\/98\/revisions\/1411"}],"up":[{"embeddable":true,"href":"https:\/\/mi.iut-blagnac.fr\/index.php?rest_route=\/wp\/v2\/pages\/20"}],"wp:attachment":[{"href":"https:\/\/mi.iut-blagnac.fr\/index.php?rest_route=%2Fwp%2Fv2%2Fmedia&parent=98"}],"curies":[{"name":"wp","href":"https:\/\/api.w.org\/{rel}","templated":true}]}}