{"id":982,"date":"2017-01-14T11:39:04","date_gmt":"2017-01-14T10:39:04","guid":{"rendered":"http:\/\/mi.iut-blagnac.fr\/?page_id=982"},"modified":"2021-11-18T23:06:13","modified_gmt":"2021-11-18T22:06:13","slug":"evenementsvalorisation","status":"publish","type":"page","link":"https:\/\/mi.iut-blagnac.fr\/?page_id=982&lang=fr","title":{"rendered":"Ev\u00e9nements\/Valorisation"},"content":{"rendered":"<p style=\"text-align: justify;\">La maison intelligente a le souci dans ses missions de contribuer \u00e0 la valorisation de ses travaux de recherche mais \u00e9galement des innovations pouvant \u00eatre apporter par ses diff\u00e9rents partenaires.<\/p>\n<p style=\"text-align: justify;\">Elle r\u00e9pond \u00e9galement pr\u00e9sente lorsqu&rsquo;elle est sollicit\u00e9e pour des pr\u00e9sentations, workshops, s\u00e9minaires, journ\u00e9es d&rsquo;\u00e9tudes et autres participations \u00e0 des <a href=\"http:\/\/mi.iut-blagnac.fr\/?page_id=971\">salons<\/a>&nbsp;soit par des interventions technique sp\u00e9cifiques ou des interventions plus orient\u00e9es grand public.<\/p>\n<p style=\"text-align: justify;\">Dans le cadre de sa participation \u00e0 des projets de recherches, elle peut apporter la mise \u00e0 disposition de ses installations et un accompagnement technique, son expertise du domaine, le d\u00e9veloppement de solutions technologiques pour r\u00e9pondre \u00e0 un besoin pr\u00e9cis exprim\u00e9, \u00e0 l&rsquo;aide \u00e0 l&rsquo;\u00e9valuation par les usages des solutions propos\u00e9es par les industriels, la mise en place de campagnes de mesure sp\u00e9cifiques, d&rsquo;observations et d&rsquo;\u00e9valuations techniques et psychosociales,&#8230;<\/p>\n<p><span style=\"text-decoration: underline;\">T\u00e9l\u00e9charger la plaquette de pr\u00e9sentation de la MI<\/span><\/p>\n<p><a href=\"http:\/\/mi.iut-blagnac.fr\/wp-content\/uploads\/2017\/01\/Maison-Intelligente-plaquette2015.pdf\"><span style=\"text-decoration: underline;\">T\u00e9l\u00e9charger la plaquette Cellule Valorisation<\/span><\/a><\/p>\n\n\n<h2 class=\"wp-block-heading\">WORKSHOP<\/h2>\n\n\n\n<p><strong><em>12 Novembre 2021 &#8211; IUT Blagnac<\/em><\/strong><\/p>\n\n\n\n<p><strong>Nouveaux modes d&rsquo;habitats alternatifs\/inclusifs pour les personnes \u00e2g\u00e9es et\/ou porteuses d&rsquo;un handicap : enjeux, besoins et perspectives<\/strong><\/p>\n\n\n\n<p><strong>Objectif :<\/strong> Pr\u00e9server l&rsquo;autonomie des personnes \u00e2g\u00e9es ou en situation de handicap et\/ou compenser sa perte est un enjeu social, politique et \u00e9conomique. La th\u00e9matique abord\u00e9e est celle des nouvelles formes d&rsquo;habitats alternatives connect\u00e9s et accessibles comme les maisons partag\u00e9es et les habitats \u00ab inclusifs \u00bb. Les m\u00e9thodologies pour la d\u00e9finition et le recueil des besoins en mati\u00e8re d&rsquo;aides technologiques ou professionnelles de ces nouveaux r\u00e9sidents doivent \u00eatre revisit\u00e9es.<\/p>\n\n\n\n<p><strong>Atelier \u00ab Les seniors dans l&rsquo;Open m\u00e9tropole : am\u00e9nagement et innovation \u00bb<\/strong><br><em>Jean-Christophe Billou, Responsable de la f\u00e9d\u00e9ration nationale des Marpa,<\/em> \u00ab Un exemple d\u2019habitat social partag\u00e9 innovant : les Marpa \u00bb<br><em>Antoine Piau, Vice-Pr\u00e9sident de Innov&rsquo;Pole sant\u00e9 du CHU<\/em>, \u00ab La d\u00e9marche et l\u2019innovation en sant\u00e9 \u00bb<br><strong>Atelier \u00ab Perspective des SHS sur les habitats inclusifs\/alternatifs : analyse des enjeux, repr\u00e9sentations et pratiques sociales\u201d<\/strong><br><em>Hugo Bertillot, Damien Vanneste, Universit\u00e9 Catholique de Lille,<\/em> \u00ab Habitat inclusif ? Confronter agenda politique et projet local, le cas d\u2019un b\u00e9guinage pour personnes \u00e2g\u00e9es dans le Pas-de-Calais \u00bb<br><em>C\u00e9cile Rosenfelder, \u00c9cole des hautes \u00e9tudes en sant\u00e9 publique (EHESP),<\/em> \u00ab Repr\u00e9sentations et pratiques des principes d\u2019autonomie et de s\u00e9curit\u00e9 dans des habitats inclusifs pour personnes \u00e2g\u00e9es et\/ou porteuses d\u2019un handicap \u00bb<br><em>Marie Schnitzler, Universit\u00e9 de Li\u00e8ge,<\/em> \u00ab L&rsquo;habitat group\u00e9 \u00e0 destination des personnes porteuses de handicap et vieillissantes \u00bb<br><strong>Atelier \u00ab D\u00e9marche pour la conception d\u2019habitats alternatifs : exp\u00e9riences de terrain \u00bb<\/strong><br><em>Josette et Ren\u00e9 Ancilotto &#8211; Maisons Partag\u00e9es de l\u2019Association ASF,<\/em> \u00ab Concept OSMONDE : besoins et retours d&rsquo;exp\u00e9riences par Ren\u00e9 et Josette Ancilotto, Ages Sans Fronti\u00e8res \u00bb<br><em>Catherine Cousergue \u2013 Groupement pour l\u2019Insertion des personnes Handicap\u00e9es de Midi-Pyr\u00e9n\u00e9es,<\/em> \u00ab HIP HOPE : pour habiter parmi les autres et avec les autres, chez soi et dans la cit\u00e9 ; un projet inclusif con\u00e7u par des personnes en situation de handicap \u00bb<\/p>\n\n\n\n<figure class=\"wp-block-image size-large\"><a href=\"http:\/\/mi.iut-blagnac.fr\/wp-content\/uploads\/2021\/11\/image.png\"><img loading=\"lazy\" decoding=\"async\" width=\"501\" height=\"87\" src=\"http:\/\/mi.iut-blagnac.fr\/wp-content\/uploads\/2021\/11\/image.png\" alt=\"\" class=\"wp-image-1333\" srcset=\"https:\/\/mi.iut-blagnac.fr\/wp-content\/uploads\/2021\/11\/image.png 501w, https:\/\/mi.iut-blagnac.fr\/wp-content\/uploads\/2021\/11\/image-300x52.png 300w\" sizes=\"auto, (max-width: 501px) 100vw, 501px\" \/><\/a><\/figure>\n","protected":false},"excerpt":{"rendered":"<p>La maison intelligente a le souci dans ses missions de contribuer \u00e0 la valorisation de ses travaux de recherche mais<\/p>\n<p class=\"readmore\"><a href=\"https:\/\/mi.iut-blagnac.fr\/?page_id=982&#038;lang=fr\" title=\"Read Ev\u00e9nements\/Valorisation\">Read more &raquo;<\/a><\/p>\n","protected":false},"author":4,"featured_media":0,"parent":0,"menu_order":0,"comment_status":"closed","ping_status":"closed","template":"","meta":{"footnotes":""},"class_list":["post-982","page","type-page","status-publish","hentry"],"_links":{"self":[{"href":"https:\/\/mi.iut-blagnac.fr\/index.php?rest_route=\/wp\/v2\/pages\/982","targetHints":{"allow":["GET"]}}],"collection":[{"href":"https:\/\/mi.iut-blagnac.fr\/index.php?rest_route=\/wp\/v2\/pages"}],"about":[{"href":"https:\/\/mi.iut-blagnac.fr\/index.php?rest_route=\/wp\/v2\/types\/page"}],"author":[{"embeddable":true,"href":"https:\/\/mi.iut-blagnac.fr\/index.php?rest_route=\/wp\/v2\/users\/4"}],"replies":[{"embeddable":true,"href":"https:\/\/mi.iut-blagnac.fr\/index.php?rest_route=%2Fwp%2Fv2%2Fcomments&post=982"}],"version-history":[{"count":13,"href":"https:\/\/mi.iut-blagnac.fr\/index.php?rest_route=\/wp\/v2\/pages\/982\/revisions"}],"predecessor-version":[{"id":1343,"href":"https:\/\/mi.iut-blagnac.fr\/index.php?rest_route=\/wp\/v2\/pages\/982\/revisions\/1343"}],"wp:attachment":[{"href":"https:\/\/mi.iut-blagnac.fr\/index.php?rest_route=%2Fwp%2Fv2%2Fmedia&parent=982"}],"curies":[{"name":"wp","href":"https:\/\/api.w.org\/{rel}","templated":true}]}}